{"id":11349,"date":"2025-08-08T08:07:27","date_gmt":"2025-08-08T06:07:27","guid":{"rendered":"https:\/\/otantik.photo\/?page_id=11349"},"modified":"2025-08-08T08:13:53","modified_gmt":"2025-08-08T06:13:53","slug":"olivier-et-gwen","status":"publish","type":"page","link":"https:\/\/otantik.photo\/index.php\/olivier-et-gwen\/","title":{"rendered":"Olivier et Gwen"},"content":{"rendered":"<div class=\"passster-form\" id=\"ps-131\">\n    <form class=\"password-form\" method=\"post\" autocomplete=\"off\" target=\"_top\">\n        <span class=\"ps-form-headline\">Acc\u00e9s priv\u00e9<\/span>\n        <div class=\"ps-form-instructions-wrap\">Ce contenu est priv\u00e9 et r\u00e9serv\u00e9 aux mari\u00e9s que j'ai eu la chance de photographier.<\/div>\n        <fieldset>\n            <span class=\"ps-loader\" style=\"display:none;\"><img decoding=\"async\" src=\"https:\/\/otantik.photo\/wp-content\/plugins\/content-protector\/assets\/public\/ps-loader.svg\" alt=\"\" \/><\/span>\n            <label for=\"input-ps-131\" style=\"display:none;\" class=\"passster-hidden\">Enter your password<\/label>\n            <input placeholder=\"Votre mot de passe\" type=\"password\" tabindex=\"1\" name=\"passster_password\"\n                   id=\"input-ps-131\" class=\"passster-password\" autocomplete=\"off\"\n                   data-protection-type=\"password\" data-list=\"[PASSSTER_LIST]\" data-lists=\"[PASSSTER_LISTS]\" data-area=\"[PASSSTER_AREA]\"\n                   data-protection=\"full\">\n            <label for=\"passster-password-hint\"><input name=\"passster-password-hint\" id=\"passster-password-hint\" type=\"checkbox\" onclick=\"showPassword()\"\/> Show Password<\/label>\n            <button name=\"submit\" type=\"submit\" class=\"passster-submit\" data-psid=\"ps-131\" data-post-id=\"11349\" data-term-id=\"0\" \n                    data-submit=\"...Checking Password\" data-redirect=\"\">D\u00e9verrouiller\n            <\/button>\n            <div class=\"passster-error\"><\/div>\n        <\/fieldset>\n    <\/form>\n<\/div>\n","protected":false},"excerpt":{"rendered":"<div class=\"passster-form\" id=\"ps-131\">\n<form class=\"password-form\" method=\"post\" autocomplete=\"off\" target=\"_top\">\n        <span class=\"ps-form-headline\">Acc\u00e9s priv\u00e9<\/span><\/p>\n<div class=\"ps-form-instructions-wrap\">Ce contenu est priv\u00e9 et r\u00e9serv\u00e9 aux mari\u00e9s que j&#8217;ai eu la chance de photographier.<\/div>\n<fieldset>\n            <span class=\"ps-loader\" style=\"display:none;\"><img decoding=\"async\" src=\"https:\/\/otantik.photo\/wp-content\/plugins\/content-protector\/assets\/public\/ps-loader.svg\" alt=\"\" \/><\/span><br \/>\n            <label for=\"input-ps-131\" style=\"display:none;\" class=\"passster-hidden\">Enter your password<\/label><br \/>\n            <input placeholder=\"Votre mot de passe\" type=\"password\" tabindex=\"1\" name=\"passster_password\"\n                   id=\"input-ps-131\" class=\"passster-password\" autocomplete=\"off\"\n                   data-protection-type=\"password\" data-list=\"[PASSSTER_LIST]\" data-lists=\"[PASSSTER_LISTS]\" data-area=\"[PASSSTER_AREA]\"\n                   data-protection=\"full\"><br \/>\n            <label for=\"passster-password-hint\"><input name=\"passster-password-hint\" id=\"passster-password-hint\" type=\"checkbox\" onclick=\"showPassword()\"\/> Show Password<\/label><br \/>\n            <button name=\"submit\" type=\"submit\" class=\"passster-submit\" data-psid=\"ps-131\" data-post-id=\"11349\" data-term-id=\"0\" \n                    data-submit=\"...Checking Password\" data-redirect=\"\">D\u00e9verrouiller<br \/>\n            <\/button><\/p>\n<div class=\"passster-error\"><\/div>\n<\/fieldset><\/form>\n<\/div>\n","protected":false},"author":1,"featured_media":0,"parent":0,"menu_order":0,"comment_status":"closed","ping_status":"closed","template":"","meta":{"_acf_changed":false,"footnotes":""},"class_list":{"0":"post-11349","1":"page","2":"type-page","3":"status-publish","4":"hentry","5":"nt-post-class","6":"","7":"thumb-none","9":"excerpt-none"},"acf":[],"yoast_head":"<!-- This site is optimized with the Yoast SEO Premium plugin v27.3 (Yoast SEO v27.3) - https:\/\/yoast.com\/product\/yoast-seo-premium-wordpress\/ -->\n<title>Olivier et Gwen - Otantik<\/title>\n<meta name=\"robots\" content=\"index, follow, max-snippet:-1, max-image-preview:large, max-video-preview:-1\" \/>\n<link rel=\"canonical\" href=\"https:\/\/otantik.photo\/index.php\/olivier-et-gwen\/\" \/>\n<meta property=\"og:locale\" content=\"fr_FR\" \/>\n<meta property=\"og:type\" content=\"article\" \/>\n<meta property=\"og:title\" content=\"Olivier et Gwen\" \/>\n<meta property=\"og:description\" content=\"Acc\u00e9s priv\u00e9     Ce contenu est priv\u00e9 et r\u00e9serv\u00e9 aux mari\u00e9s que j&#039;ai eu la chance de photographier.                  Enter your password              Show Password       D\u00e9verrouiller\" \/>\n<meta property=\"og:url\" content=\"https:\/\/otantik.photo\/index.php\/olivier-et-gwen\/\" \/>\n<meta property=\"og:site_name\" content=\"Otantik\" \/>\n<meta property=\"article:publisher\" content=\"https:\/\/www.facebook.com\/Otantikphotographie\/\" \/>\n<meta property=\"article:modified_time\" content=\"2025-08-08T06:13:53+00:00\" \/>\n<meta property=\"og:image\" content=\"https:\/\/otantik.photo\/wp-content\/uploads\/2025\/08\/ND55663-Modifier-28.jpg\" \/>\n\t<meta property=\"og:image:width\" content=\"1500\" \/>\n\t<meta property=\"og:image:height\" content=\"1000\" \/>\n\t<meta property=\"og:image:type\" content=\"image\/jpeg\" \/>\n<meta name=\"twitter:card\" content=\"summary_large_image\" \/>\n<meta name=\"twitter:label1\" content=\"Dur\u00e9e de lecture estim\u00e9e\" \/>\n\t<meta name=\"twitter:data1\" content=\"1 minute\" \/>\n<script type=\"application\/ld+json\" class=\"yoast-schema-graph\">{\"@context\":\"https:\\\/\\\/schema.org\",\"@graph\":[{\"@type\":\"WebPage\",\"@id\":\"https:\\\/\\\/otantik.photo\\\/index.php\\\/olivier-et-gwen\\\/\",\"url\":\"https:\\\/\\\/otantik.photo\\\/index.php\\\/olivier-et-gwen\\\/\",\"name\":\"Olivier et Gwen - Otantik\",\"isPartOf\":{\"@id\":\"https:\\\/\\\/otantik.photo\\\/#website\"},\"datePublished\":\"2025-08-08T06:07:27+00:00\",\"dateModified\":\"2025-08-08T06:13:53+00:00\",\"breadcrumb\":{\"@id\":\"https:\\\/\\\/otantik.photo\\\/index.php\\\/olivier-et-gwen\\\/#breadcrumb\"},\"inLanguage\":\"fr-FR\",\"potentialAction\":[{\"@type\":\"ReadAction\",\"target\":[\"https:\\\/\\\/otantik.photo\\\/index.php\\\/olivier-et-gwen\\\/\"]}]},{\"@type\":\"BreadcrumbList\",\"@id\":\"https:\\\/\\\/otantik.photo\\\/index.php\\\/olivier-et-gwen\\\/#breadcrumb\",\"itemListElement\":[{\"@type\":\"ListItem\",\"position\":1,\"name\":\"Accueil\",\"item\":\"https:\\\/\\\/otantik.photo\\\/\"},{\"@type\":\"ListItem\",\"position\":2,\"name\":\"Olivier et Gwen\"}]},{\"@type\":\"WebSite\",\"@id\":\"https:\\\/\\\/otantik.photo\\\/#website\",\"url\":\"https:\\\/\\\/otantik.photo\\\/\",\"name\":\"Otantik photographe Tahiti\",\"description\":\"Photographe Tahiti Polynesie fran\u00e7aise\",\"publisher\":{\"@id\":\"https:\\\/\\\/otantik.photo\\\/#\\\/schema\\\/person\\\/3f170a3e8a4c9506dc6e55b5ee1e7399\"},\"potentialAction\":[{\"@type\":\"SearchAction\",\"target\":{\"@type\":\"EntryPoint\",\"urlTemplate\":\"https:\\\/\\\/otantik.photo\\\/?s={search_term_string}\"},\"query-input\":{\"@type\":\"PropertyValueSpecification\",\"valueRequired\":true,\"valueName\":\"search_term_string\"}}],\"inLanguage\":\"fr-FR\"},{\"@type\":[\"Person\",\"Organization\"],\"@id\":\"https:\\\/\\\/otantik.photo\\\/#\\\/schema\\\/person\\\/3f170a3e8a4c9506dc6e55b5ee1e7399\",\"name\":\"Otantik\",\"image\":{\"@type\":\"ImageObject\",\"inLanguage\":\"fr-FR\",\"@id\":\"https:\\\/\\\/otantik.photo\\\/wp-content\\\/uploads\\\/2024\\\/12\\\/Logo-003.gif\",\"url\":\"https:\\\/\\\/otantik.photo\\\/wp-content\\\/uploads\\\/2024\\\/12\\\/Logo-003.gif\",\"contentUrl\":\"https:\\\/\\\/otantik.photo\\\/wp-content\\\/uploads\\\/2024\\\/12\\\/Logo-003.gif\",\"width\":500,\"height\":500,\"caption\":\"Otantik\"},\"logo\":{\"@id\":\"https:\\\/\\\/otantik.photo\\\/wp-content\\\/uploads\\\/2024\\\/12\\\/Logo-003.gif\"},\"description\":\"Photographe professionnel \u00e0 Tahiti\",\"sameAs\":[\"https:\\\/\\\/otantik.photo\\\/\",\"https:\\\/\\\/www.facebook.com\\\/Otantikphotographie\\\/\",\"https:\\\/\\\/www.instagram.com\\\/otantikphoto\\\/\",\"https:\\\/\\\/www.youtube.com\\\/@Otantik987\"]}]}<\/script>\n<!-- \/ Yoast SEO Premium plugin. -->","yoast_head_json":{"title":"Olivier et Gwen - Otantik","robots":{"index":"index","follow":"follow","max-snippet":"max-snippet:-1","max-image-preview":"max-image-preview:large","max-video-preview":"max-video-preview:-1"},"canonical":"https:\/\/otantik.photo\/index.php\/olivier-et-gwen\/","og_locale":"fr_FR","og_type":"article","og_title":"Olivier et Gwen","og_description":"Acc\u00e9s priv\u00e9     Ce contenu est priv\u00e9 et r\u00e9serv\u00e9 aux mari\u00e9s que j'ai eu la chance de photographier.                  Enter your password              Show Password       D\u00e9verrouiller","og_url":"https:\/\/otantik.photo\/index.php\/olivier-et-gwen\/","og_site_name":"Otantik","article_publisher":"https:\/\/www.facebook.com\/Otantikphotographie\/","article_modified_time":"2025-08-08T06:13:53+00:00","og_image":[{"width":1500,"height":1000,"url":"https:\/\/otantik.photo\/wp-content\/uploads\/2025\/08\/ND55663-Modifier-28.jpg","type":"image\/jpeg"}],"twitter_card":"summary_large_image","twitter_misc":{"Dur\u00e9e de lecture estim\u00e9e":"1 minute"},"schema":{"@context":"https:\/\/schema.org","@graph":[{"@type":"WebPage","@id":"https:\/\/otantik.photo\/index.php\/olivier-et-gwen\/","url":"https:\/\/otantik.photo\/index.php\/olivier-et-gwen\/","name":"Olivier et Gwen - Otantik","isPartOf":{"@id":"https:\/\/otantik.photo\/#website"},"datePublished":"2025-08-08T06:07:27+00:00","dateModified":"2025-08-08T06:13:53+00:00","breadcrumb":{"@id":"https:\/\/otantik.photo\/index.php\/olivier-et-gwen\/#breadcrumb"},"inLanguage":"fr-FR","potentialAction":[{"@type":"ReadAction","target":["https:\/\/otantik.photo\/index.php\/olivier-et-gwen\/"]}]},{"@type":"BreadcrumbList","@id":"https:\/\/otantik.photo\/index.php\/olivier-et-gwen\/#breadcrumb","itemListElement":[{"@type":"ListItem","position":1,"name":"Accueil","item":"https:\/\/otantik.photo\/"},{"@type":"ListItem","position":2,"name":"Olivier et Gwen"}]},{"@type":"WebSite","@id":"https:\/\/otantik.photo\/#website","url":"https:\/\/otantik.photo\/","name":"Otantik photographe Tahiti","description":"Photographe Tahiti Polynesie fran\u00e7aise","publisher":{"@id":"https:\/\/otantik.photo\/#\/schema\/person\/3f170a3e8a4c9506dc6e55b5ee1e7399"},"potentialAction":[{"@type":"SearchAction","target":{"@type":"EntryPoint","urlTemplate":"https:\/\/otantik.photo\/?s={search_term_string}"},"query-input":{"@type":"PropertyValueSpecification","valueRequired":true,"valueName":"search_term_string"}}],"inLanguage":"fr-FR"},{"@type":["Person","Organization"],"@id":"https:\/\/otantik.photo\/#\/schema\/person\/3f170a3e8a4c9506dc6e55b5ee1e7399","name":"Otantik","image":{"@type":"ImageObject","inLanguage":"fr-FR","@id":"https:\/\/otantik.photo\/wp-content\/uploads\/2024\/12\/Logo-003.gif","url":"https:\/\/otantik.photo\/wp-content\/uploads\/2024\/12\/Logo-003.gif","contentUrl":"https:\/\/otantik.photo\/wp-content\/uploads\/2024\/12\/Logo-003.gif","width":500,"height":500,"caption":"Otantik"},"logo":{"@id":"https:\/\/otantik.photo\/wp-content\/uploads\/2024\/12\/Logo-003.gif"},"description":"Photographe professionnel \u00e0 Tahiti","sameAs":["https:\/\/otantik.photo\/","https:\/\/www.facebook.com\/Otantikphotographie\/","https:\/\/www.instagram.com\/otantikphoto\/","https:\/\/www.youtube.com\/@Otantik987"]}]}},"jetpack_sharing_enabled":true,"jetpack_shortlink":"https:\/\/wp.me\/Pgn0q2-2X3","_links":{"self":[{"href":"https:\/\/otantik.photo\/index.php\/wp-json\/wp\/v2\/pages\/11349","targetHints":{"allow":["GET"]}}],"collection":[{"href":"https:\/\/otantik.photo\/index.php\/wp-json\/wp\/v2\/pages"}],"about":[{"href":"https:\/\/otantik.photo\/index.php\/wp-json\/wp\/v2\/types\/page"}],"author":[{"embeddable":true,"href":"https:\/\/otantik.photo\/index.php\/wp-json\/wp\/v2\/users\/1"}],"replies":[{"embeddable":true,"href":"https:\/\/otantik.photo\/index.php\/wp-json\/wp\/v2\/comments?post=11349"}],"version-history":[{"count":6,"href":"https:\/\/otantik.photo\/index.php\/wp-json\/wp\/v2\/pages\/11349\/revisions"}],"predecessor-version":[{"id":11388,"href":"https:\/\/otantik.photo\/index.php\/wp-json\/wp\/v2\/pages\/11349\/revisions\/11388"}],"wp:attachment":[{"href":"https:\/\/otantik.photo\/index.php\/wp-json\/wp\/v2\/media?parent=11349"}],"curies":[{"name":"wp","href":"https:\/\/api.w.org\/{rel}","templated":true}]}}