{"id":8333,"date":"2025-01-21T05:29:47","date_gmt":"2025-01-21T04:29:47","guid":{"rendered":"https:\/\/otantik.photo\/?page_id=8333"},"modified":"2025-01-21T05:57:38","modified_gmt":"2025-01-21T04:57:38","slug":"contact-fr","status":"publish","type":"page","link":"https:\/\/otantik.photo\/index.php\/contact-fr\/","title":{"rendered":"Contact-fr"},"content":{"rendered":"\t\t<div data-elementor-type=\"wp-page\" data-elementor-id=\"8333\" class=\"elementor elementor-8333\" data-elementor-post-type=\"page\">\n\t\t\t\t<div class=\"gap- elementor-element elementor-element-b0fcc12 wooma-parallax jarallax parallax-yes e-grid e-con-boxed e-con e-parent\" data-wooma-parallax=\"{&quot;type&quot;:&quot;scroll&quot;,&quot;speed&quot;:&quot;0.3&quot;,&quot;imgsize&quot;:&quot;cover&quot;,&quot;imgsrc&quot;:&quot;https:\/\/otantik.photo\/wp-content\/uploads\/2025\/01\/ND5_0231-Modifier-1.jpg&quot;,&quot;mobile&quot;:&quot;&quot;}\" data-id=\"b0fcc12\" data-element_type=\"container\" data-e-type=\"container\" data-settings=\"{&quot;background_background&quot;:&quot;classic&quot;}\">\n\t\t\t\t\t<div class=\"e-con-inner\">\n\t\t\t\t<div class=\"elementor-element elementor-element-54415d3 wooma-transform transform-type-translate elementor-widget elementor-widget-heading\" data-id=\"54415d3\" data-element_type=\"widget\" data-e-type=\"widget\" data-widget_type=\"heading.default\">\n\t\t\t\t<div class=\"elementor-widget-container\">\n\t\t\t\t\t<h2 class=\"elementor-heading-title elementor-size-default\"><br>\n<br>\n<br>O'Tantik <font color=\"#f49403\">Photographie<\/font>\n<br> Photographe \u00e0 \n<font color=\"#f49403\">Papeete<\/font>\n<br>\n<font color=\"#f49403\">Polyn\u00e9sie<\/font> fran\u00e7aise\n<br>\n<br>\n<br>\nMe contacter :<\/h2>\t\t\t\t<\/div>\n\t\t\t\t<\/div>\n\t\t\t\t\t<\/div>\n\t\t\t\t<\/div>\n\t\t<div class=\"gap- elementor-element elementor-element-00f3082 wooma-parallax jarallax parallax-yes e-grid e-con-boxed e-con e-parent\" data-wooma-parallax=\"{&quot;type&quot;:&quot;scroll&quot;,&quot;speed&quot;:&quot;0.3&quot;,&quot;imgsize&quot;:&quot;cover&quot;,&quot;imgsrc&quot;:&quot;https:\/\/otantik.photo\/wp-content\/uploads\/2025\/01\/ND5_5835-Modifier-1.jpg&quot;,&quot;mobile&quot;:&quot;&quot;}\" data-id=\"00f3082\" data-element_type=\"container\" data-e-type=\"container\" data-settings=\"{&quot;background_background&quot;:&quot;classic&quot;}\">\n\t\t\t\t\t<div class=\"e-con-inner\">\n\t\t<div class=\"gap- elementor-element elementor-element-957c47a e-grid e-con-full e-con e-child\" data-id=\"957c47a\" data-element_type=\"container\" data-e-type=\"container\">\n\t\t\t\t<div class=\"elementor-element elementor-element-e728567 wooma-transform transform-type-translate elementor-widget elementor-widget-heading\" data-id=\"e728567\" data-element_type=\"widget\" data-e-type=\"widget\" data-widget_type=\"heading.default\">\n\t\t\t\t<div class=\"elementor-widget-container\">\n\t\t\t\t\t<h2 class=\"elementor-heading-title elementor-size-default\">Si tu souhaites me contacter pour ton projet, n'h\u00e9site pas !\n<br>\n<br>\n<li><strong>T\u00e9l\u00e9phone<\/strong> : +689 87 00 96 47<\/li>\n \t<li><strong>Email<\/strong> : <a href=\"mailto:otantik987@gmail.com\">otantik987@gmail.com<\/a><\/li>\n \t<li><strong>Facebook<\/strong> : <a href=\"https:\/\/www.facebook.com\/profile.php?id=61561372808335\" target=\"_blank\" rel=\"noopener\">Cliquez ICI<\/a><\/li>\n<br>\n<br>\nTu peux \u00e9galement me joindre par le formulaire ci-joint :\n<br>\n<\/h2>\t\t\t\t<\/div>\n\t\t\t\t<\/div>\n\t\t\t\t<div class=\"elementor-element elementor-element-aa68fc3 elementor-widget elementor-widget-wooma-contact-form-7\" data-id=\"aa68fc3\" data-element_type=\"widget\" data-e-type=\"widget\" data-widget_type=\"wooma-contact-form-7.default\">\n\t\t\t\t<div class=\"elementor-widget-container\">\n\t\t\t\t\t<div class=\"wooma-cf7-form-wrapper form_front\">\n<div class=\"wpcf7 no-js\" id=\"wpcf7-f17-o1\" lang=\"fr-FR\" dir=\"ltr\" data-wpcf7-id=\"17\">\n<div class=\"screen-reader-response\"><p role=\"status\" aria-live=\"polite\" aria-atomic=\"true\"><\/p> <ul><\/ul><\/div>\n<form action=\"\/index.php\/wp-json\/wp\/v2\/pages\/8333#wpcf7-f17-o1\" method=\"post\" class=\"wpcf7-form init\" aria-label=\"Formulaire de contact\" novalidate=\"novalidate\" data-status=\"init\">\n<fieldset class=\"hidden-fields-container\"><input type=\"hidden\" name=\"_wpcf7\" value=\"17\" \/><input type=\"hidden\" name=\"_wpcf7_version\" value=\"6.1.5\" \/><input type=\"hidden\" name=\"_wpcf7_locale\" value=\"fr_FR\" \/><input type=\"hidden\" name=\"_wpcf7_unit_tag\" value=\"wpcf7-f17-o1\" \/><input type=\"hidden\" name=\"_wpcf7_container_post\" value=\"0\" \/><input type=\"hidden\" name=\"_wpcf7_posted_data_hash\" value=\"\" \/>\n<\/fieldset>\n<p><label> Ton Nom :<br \/>\n<span class=\"wpcf7-form-control-wrap\" data-name=\"your-name\"><input size=\"40\" maxlength=\"400\" class=\"wpcf7-form-control wpcf7-text wpcf7-validates-as-required\" autocomplete=\"name\" aria-required=\"true\" aria-invalid=\"false\" value=\"\" type=\"text\" name=\"your-name\" \/><\/span> <\/label>\n<\/p>\n<p><label> Ton email :<br \/>\n<span class=\"wpcf7-form-control-wrap\" data-name=\"your-email\"><input size=\"40\" maxlength=\"400\" class=\"wpcf7-form-control wpcf7-email wpcf7-validates-as-required wpcf7-text wpcf7-validates-as-email\" autocomplete=\"email\" aria-required=\"true\" aria-invalid=\"false\" value=\"\" type=\"email\" name=\"your-email\" \/><\/span> <\/label>\n<\/p>\n<p><label> Au sujet de :<br \/>\n<span class=\"wpcf7-form-control-wrap\" data-name=\"select-514\"><select class=\"wpcf7-form-control wpcf7-select wpcf7-validates-as-required\" aria-required=\"true\" aria-invalid=\"false\" name=\"select-514\"><option value=\"Mariage\">Mariage<\/option><option value=\"S\u00e9ance portrait \/ couple\">S\u00e9ance portrait \/ couple<\/option><option value=\"Reportage\">Reportage<\/option><option value=\"Ev\u00e9nement\">Ev\u00e9nement<\/option><option value=\"Drone\">Drone<\/option><option value=\"Coaching \/ cours photo\">Coaching \/ cours photo<\/option><option value=\"Autres\">Autres<\/option><\/select><\/span> <\/label>\n<\/p>\n<p><label> Comment as-tu entendu parler de moi ? :<br \/>\n<span class=\"wpcf7-form-control-wrap\" data-name=\"select-608\"><select class=\"wpcf7-form-control wpcf7-select wpcf7-validates-as-required\" aria-required=\"true\" aria-invalid=\"false\" name=\"select-608\"><option value=\"R\u00e9seaux sociaux\">R\u00e9seaux sociaux<\/option><option value=\"Amis\">Amis<\/option><option value=\"D\u00e9j\u00e0 client\">D\u00e9j\u00e0 client<\/option><option value=\"Publicit\u00e9\">Publicit\u00e9<\/option><option value=\"Autres\">Autres<\/option><\/select><\/span> <\/label>\n<\/p>\n<p><label> Ton message :<br \/>\n<span class=\"wpcf7-form-control-wrap\" data-name=\"your-message\"><textarea cols=\"40\" rows=\"10\" maxlength=\"2000\" class=\"wpcf7-form-control wpcf7-textarea\" aria-invalid=\"false\" name=\"your-message\"><\/textarea><\/span> <\/label>\n<\/p>\n<p><label> Si cela concerne un mariage, merci de me donner les pr\u00e9cisions suivantes : <\/label>\n<\/p>\n<p><label> Date de ton mariage :<br \/>\n<span class=\"wpcf7-form-control-wrap\" data-name=\"date-748\"><input class=\"wpcf7-form-control wpcf7-date wpcf7-validates-as-date\" aria-invalid=\"false\" value=\"\" type=\"date\" name=\"date-748\" \/><\/span> <\/label>\n<\/p>\n<p><label> Lieu de ton mariage :<br \/>\n<span class=\"wpcf7-form-control-wrap\" data-name=\"text-649\"><input size=\"40\" maxlength=\"400\" class=\"wpcf7-form-control wpcf7-text\" aria-invalid=\"false\" value=\"\" type=\"text\" name=\"text-649\" \/><\/span> <\/label>\n<\/p>\n<p><input class=\"wpcf7-form-control wpcf7-submit has-spinner\" type=\"submit\" value=\"Envoyer\" \/>\n<\/p><div class=\"wpcf7-response-output\" aria-hidden=\"true\"><\/div>\n<\/form>\n<\/div>\n<\/div>\t\t\t\t<\/div>\n\t\t\t\t<\/div>\n\t\t\t\t<\/div>\n\t\t\t\t\t<\/div>\n\t\t\t\t<\/div>\n\t\t\t\t<\/div>\n\t\t","protected":false},"excerpt":{"rendered":"<p>O&#8217;Tantik Photographie Photographe \u00e0 Papeete Polyn\u00e9sie fran\u00e7aise Me contacter : Si tu souhaites me contacter pour ton projet, n&#8217;h\u00e9site pas ! T\u00e9l\u00e9phone : +689 87 00 96 47 Email : otantik987@gmail.com Facebook : Cliquez ICI Tu peux \u00e9galement me joindre par le formulaire ci-joint : Ton Nom : Ton email : Au sujet de :&#8230;<\/p>\n","protected":false},"author":1,"featured_media":0,"parent":0,"menu_order":0,"comment_status":"closed","ping_status":"closed","template":"","meta":{"_acf_changed":false,"footnotes":""},"class_list":{"0":"post-8333","1":"page","2":"type-page","3":"status-publish","4":"hentry","5":"nt-post-class","6":"","7":"thumb-none","9":"excerpt-none"},"acf":[],"yoast_head":"<!-- This site is optimized with the Yoast SEO Premium plugin v27.3 (Yoast SEO v27.4) - https:\/\/yoast.com\/product\/yoast-seo-premium-wordpress\/ -->\n<title>Contact-fr - Otantik<\/title>\n<meta name=\"robots\" content=\"index, follow, max-snippet:-1, max-image-preview:large, max-video-preview:-1\" \/>\n<link rel=\"canonical\" href=\"https:\/\/otantik.photo\/index.php\/contact-fr\/\" \/>\n<meta property=\"og:locale\" content=\"fr_FR\" \/>\n<meta property=\"og:type\" content=\"article\" \/>\n<meta property=\"og:title\" content=\"Contact-fr\" \/>\n<meta property=\"og:description\" content=\"O&#8217;Tantik Photographie Photographe \u00e0 Papeete Polyn\u00e9sie fran\u00e7aise Me contacter : Si tu souhaites me contacter pour ton projet, n&#8217;h\u00e9site pas ! T\u00e9l\u00e9phone : +689 87 00 96 47 Email : otantik987@gmail.com Facebook : Cliquez ICI Tu peux \u00e9galement me joindre par le formulaire ci-joint : Ton Nom : Ton email : Au sujet de :...\" \/>\n<meta property=\"og:url\" content=\"https:\/\/otantik.photo\/index.php\/contact-fr\/\" \/>\n<meta property=\"og:site_name\" content=\"Otantik\" \/>\n<meta property=\"article:publisher\" content=\"https:\/\/www.facebook.com\/Otantikphotographie\/\" \/>\n<meta property=\"article:modified_time\" content=\"2025-01-21T04:57:38+00:00\" \/>\n<meta name=\"twitter:card\" content=\"summary_large_image\" \/>\n<script type=\"application\/ld+json\" class=\"yoast-schema-graph\">{\"@context\":\"https:\\\/\\\/schema.org\",\"@graph\":[{\"@type\":\"WebPage\",\"@id\":\"https:\\\/\\\/otantik.photo\\\/index.php\\\/contact-fr\\\/\",\"url\":\"https:\\\/\\\/otantik.photo\\\/index.php\\\/contact-fr\\\/\",\"name\":\"Contact-fr - Otantik\",\"isPartOf\":{\"@id\":\"https:\\\/\\\/otantik.photo\\\/#website\"},\"datePublished\":\"2025-01-21T04:29:47+00:00\",\"dateModified\":\"2025-01-21T04:57:38+00:00\",\"breadcrumb\":{\"@id\":\"https:\\\/\\\/otantik.photo\\\/index.php\\\/contact-fr\\\/#breadcrumb\"},\"inLanguage\":\"fr-FR\",\"potentialAction\":[{\"@type\":\"ReadAction\",\"target\":[\"https:\\\/\\\/otantik.photo\\\/index.php\\\/contact-fr\\\/\"]}]},{\"@type\":\"BreadcrumbList\",\"@id\":\"https:\\\/\\\/otantik.photo\\\/index.php\\\/contact-fr\\\/#breadcrumb\",\"itemListElement\":[{\"@type\":\"ListItem\",\"position\":1,\"name\":\"Accueil\",\"item\":\"https:\\\/\\\/otantik.photo\\\/\"},{\"@type\":\"ListItem\",\"position\":2,\"name\":\"Contact-fr\"}]},{\"@type\":\"WebSite\",\"@id\":\"https:\\\/\\\/otantik.photo\\\/#website\",\"url\":\"https:\\\/\\\/otantik.photo\\\/\",\"name\":\"Otantik photographe Tahiti\",\"description\":\"Photographe Tahiti Polynesie fran\u00e7aise\",\"publisher\":{\"@id\":\"https:\\\/\\\/otantik.photo\\\/#\\\/schema\\\/person\\\/3f170a3e8a4c9506dc6e55b5ee1e7399\"},\"potentialAction\":[{\"@type\":\"SearchAction\",\"target\":{\"@type\":\"EntryPoint\",\"urlTemplate\":\"https:\\\/\\\/otantik.photo\\\/?s={search_term_string}\"},\"query-input\":{\"@type\":\"PropertyValueSpecification\",\"valueRequired\":true,\"valueName\":\"search_term_string\"}}],\"inLanguage\":\"fr-FR\"},{\"@type\":[\"Person\",\"Organization\"],\"@id\":\"https:\\\/\\\/otantik.photo\\\/#\\\/schema\\\/person\\\/3f170a3e8a4c9506dc6e55b5ee1e7399\",\"name\":\"Otantik\",\"image\":{\"@type\":\"ImageObject\",\"inLanguage\":\"fr-FR\",\"@id\":\"https:\\\/\\\/otantik.photo\\\/wp-content\\\/uploads\\\/2024\\\/12\\\/Logo-003.gif\",\"url\":\"https:\\\/\\\/otantik.photo\\\/wp-content\\\/uploads\\\/2024\\\/12\\\/Logo-003.gif\",\"contentUrl\":\"https:\\\/\\\/otantik.photo\\\/wp-content\\\/uploads\\\/2024\\\/12\\\/Logo-003.gif\",\"width\":500,\"height\":500,\"caption\":\"Otantik\"},\"logo\":{\"@id\":\"https:\\\/\\\/otantik.photo\\\/wp-content\\\/uploads\\\/2024\\\/12\\\/Logo-003.gif\"},\"description\":\"Photographe professionnel \u00e0 Tahiti\",\"sameAs\":[\"https:\\\/\\\/otantik.photo\\\/\",\"https:\\\/\\\/www.facebook.com\\\/Otantikphotographie\\\/\",\"https:\\\/\\\/www.instagram.com\\\/otantikphoto\\\/\",\"https:\\\/\\\/www.youtube.com\\\/@Otantik987\"]}]}<\/script>\n<!-- \/ Yoast SEO Premium plugin. -->","yoast_head_json":{"title":"Contact-fr - Otantik","robots":{"index":"index","follow":"follow","max-snippet":"max-snippet:-1","max-image-preview":"max-image-preview:large","max-video-preview":"max-video-preview:-1"},"canonical":"https:\/\/otantik.photo\/index.php\/contact-fr\/","og_locale":"fr_FR","og_type":"article","og_title":"Contact-fr","og_description":"O&#8217;Tantik Photographie Photographe \u00e0 Papeete Polyn\u00e9sie fran\u00e7aise Me contacter : Si tu souhaites me contacter pour ton projet, n&#8217;h\u00e9site pas ! T\u00e9l\u00e9phone : +689 87 00 96 47 Email : otantik987@gmail.com Facebook : Cliquez ICI Tu peux \u00e9galement me joindre par le formulaire ci-joint : Ton Nom : Ton email : Au sujet de :...","og_url":"https:\/\/otantik.photo\/index.php\/contact-fr\/","og_site_name":"Otantik","article_publisher":"https:\/\/www.facebook.com\/Otantikphotographie\/","article_modified_time":"2025-01-21T04:57:38+00:00","twitter_card":"summary_large_image","schema":{"@context":"https:\/\/schema.org","@graph":[{"@type":"WebPage","@id":"https:\/\/otantik.photo\/index.php\/contact-fr\/","url":"https:\/\/otantik.photo\/index.php\/contact-fr\/","name":"Contact-fr - Otantik","isPartOf":{"@id":"https:\/\/otantik.photo\/#website"},"datePublished":"2025-01-21T04:29:47+00:00","dateModified":"2025-01-21T04:57:38+00:00","breadcrumb":{"@id":"https:\/\/otantik.photo\/index.php\/contact-fr\/#breadcrumb"},"inLanguage":"fr-FR","potentialAction":[{"@type":"ReadAction","target":["https:\/\/otantik.photo\/index.php\/contact-fr\/"]}]},{"@type":"BreadcrumbList","@id":"https:\/\/otantik.photo\/index.php\/contact-fr\/#breadcrumb","itemListElement":[{"@type":"ListItem","position":1,"name":"Accueil","item":"https:\/\/otantik.photo\/"},{"@type":"ListItem","position":2,"name":"Contact-fr"}]},{"@type":"WebSite","@id":"https:\/\/otantik.photo\/#website","url":"https:\/\/otantik.photo\/","name":"Otantik photographe Tahiti","description":"Photographe Tahiti Polynesie fran\u00e7aise","publisher":{"@id":"https:\/\/otantik.photo\/#\/schema\/person\/3f170a3e8a4c9506dc6e55b5ee1e7399"},"potentialAction":[{"@type":"SearchAction","target":{"@type":"EntryPoint","urlTemplate":"https:\/\/otantik.photo\/?s={search_term_string}"},"query-input":{"@type":"PropertyValueSpecification","valueRequired":true,"valueName":"search_term_string"}}],"inLanguage":"fr-FR"},{"@type":["Person","Organization"],"@id":"https:\/\/otantik.photo\/#\/schema\/person\/3f170a3e8a4c9506dc6e55b5ee1e7399","name":"Otantik","image":{"@type":"ImageObject","inLanguage":"fr-FR","@id":"https:\/\/otantik.photo\/wp-content\/uploads\/2024\/12\/Logo-003.gif","url":"https:\/\/otantik.photo\/wp-content\/uploads\/2024\/12\/Logo-003.gif","contentUrl":"https:\/\/otantik.photo\/wp-content\/uploads\/2024\/12\/Logo-003.gif","width":500,"height":500,"caption":"Otantik"},"logo":{"@id":"https:\/\/otantik.photo\/wp-content\/uploads\/2024\/12\/Logo-003.gif"},"description":"Photographe professionnel \u00e0 Tahiti","sameAs":["https:\/\/otantik.photo\/","https:\/\/www.facebook.com\/Otantikphotographie\/","https:\/\/www.instagram.com\/otantikphoto\/","https:\/\/www.youtube.com\/@Otantik987"]}]}},"jetpack_sharing_enabled":true,"jetpack_shortlink":"https:\/\/wp.me\/Pgn0q2-2ap","_links":{"self":[{"href":"https:\/\/otantik.photo\/index.php\/wp-json\/wp\/v2\/pages\/8333","targetHints":{"allow":["GET"]}}],"collection":[{"href":"https:\/\/otantik.photo\/index.php\/wp-json\/wp\/v2\/pages"}],"about":[{"href":"https:\/\/otantik.photo\/index.php\/wp-json\/wp\/v2\/types\/page"}],"author":[{"embeddable":true,"href":"https:\/\/otantik.photo\/index.php\/wp-json\/wp\/v2\/users\/1"}],"replies":[{"embeddable":true,"href":"https:\/\/otantik.photo\/index.php\/wp-json\/wp\/v2\/comments?post=8333"}],"version-history":[{"count":25,"href":"https:\/\/otantik.photo\/index.php\/wp-json\/wp\/v2\/pages\/8333\/revisions"}],"predecessor-version":[{"id":8360,"href":"https:\/\/otantik.photo\/index.php\/wp-json\/wp\/v2\/pages\/8333\/revisions\/8360"}],"wp:attachment":[{"href":"https:\/\/otantik.photo\/index.php\/wp-json\/wp\/v2\/media?parent=8333"}],"curies":[{"name":"wp","href":"https:\/\/api.w.org\/{rel}","templated":true}]}}