{"id":9989,"date":"2025-05-15T02:35:49","date_gmt":"2025-05-15T00:35:49","guid":{"rendered":"https:\/\/otantik.photo\/?page_id=9989"},"modified":"2025-05-15T02:37:36","modified_gmt":"2025-05-15T00:37:36","slug":"politique-de-confidentialite","status":"publish","type":"page","link":"https:\/\/otantik.photo\/index.php\/politique-de-confidentialite\/","title":{"rendered":"Politique de confidentialit\u00e9"},"content":{"rendered":"<p style=\"font-weight: 400;\">Politique de confidentialit\u00e9<\/p>\n<p style=\"font-weight: 400;\"><em>www.otantik.photo<\/em><\/p>\n<p style=\"font-weight: 400;\">ARTICLE 1 : PR\u00c9AMBULE<\/p>\n<p style=\"font-weight: 400;\">La pr\u00e9sente politique de confidentialit\u00e9 a pour but d\u2019informer les utilisateurs du site :<\/p>\n<ul>\n<li>Sur la mani\u00e8re dont sont collect\u00e9es leurs donn\u00e9es personnelles. Sont consid\u00e9r\u00e9es comme des donn\u00e9es personnelles, toute information permettant d\u2019identifier un utilisateur. A ce titre, il peut s\u2019agir : de ses noms et pr\u00e9noms, de son \u00e2ge, de son adresse postale ou email, de sa localisation ou encore de son adresse IP (liste non-exhaustive) ;<\/li>\n<li>Sur les droits dont ils disposent concernant ces donn\u00e9es ;<\/li>\n<li>Sur la personne responsable du traitement des donn\u00e9es \u00e0 caract\u00e8re personnel collect\u00e9es et trait\u00e9es ;<\/li>\n<li>Sur les destinataires de ces donn\u00e9es personnelles ;<\/li>\n<li>Sur la politique du site en mati\u00e8re de cookies.<\/li>\n<\/ul>\n<p style=\"font-weight: 400;\">Cette politique compl\u00e8te les Conditions G\u00e9n\u00e9rales d\u2019Utilisation consultables par les utilisateurs \u00e0 l\u2019adresse suivante :<\/p>\n<p style=\"font-weight: 400;\">[Ins\u00e9rer l\u2019URL permettant d&#8217;acc\u00e9der aux Conditions G\u00e9n\u00e9rales d\u2019Utilisation et aux mentions L\u00e9gales]<\/p>\n<p style=\"font-weight: 400;\">ARTICLE 2 : PRINCIPES RELATIFS \u00c0 LA COLLECTE ET AU TRAITEMENT DES DONN\u00c9ES PERSONNELLES<\/p>\n<p style=\"font-weight: 400;\">Conform\u00e9ment \u00e0 l\u2019article 5 du R\u00e8glement europ\u00e9en 2016\/679, les donn\u00e9es \u00e0 caract\u00e8re personnel sont :<\/p>\n<ul>\n<li>Trait\u00e9es de mani\u00e8re licite, loyale et transparente au regard de la personne concern\u00e9e;<\/li>\n<li>Collect\u00e9es pour des finalit\u00e9s d\u00e9termin\u00e9es (cf. Article 3.1 des pr\u00e9sentes), explicites et l\u00e9gitimes, et ne pas \u00eatre trait\u00e9es ult\u00e9rieurement d&#8217;une mani\u00e8re incompatible avec ces finalit\u00e9s ;<\/li>\n<li>Ad\u00e9quates, pertinentes et limit\u00e9es \u00e0 ce qui est n\u00e9cessaire au regard des finalit\u00e9s pour lesquelles elles sont trait\u00e9es ;<\/li>\n<li>Exactes et, si n\u00e9cessaire, tenues \u00e0 jour. Toutes les mesures raisonnables doivent \u00eatre prises pour que les donn\u00e9es \u00e0 caract\u00e8re personnel qui sont inexactes, eu \u00e9gard aux finalit\u00e9s pour lesquelles elles sont trait\u00e9es, soient effac\u00e9es ou rectifi\u00e9es sans tarder ;<\/li>\n<li>Conserv\u00e9es sous une forme permettant l&#8217;identification des personnes concern\u00e9es pendant une dur\u00e9e n&#8217;exc\u00e9dant pas celle n\u00e9cessaire au regard des finalit\u00e9s pour lesquelles elles sont trait\u00e9es ;<\/li>\n<li>Trait\u00e9es de fa\u00e7on \u00e0 garantir une s\u00e9curit\u00e9 appropri\u00e9e des donn\u00e9es collect\u00e9es, y compris la protection contre le traitement non autoris\u00e9 ou illicite et contre la perte, la destruction ou les d\u00e9g\u00e2ts d&#8217;origine accidentelle, \u00e0 l&#8217;aide de mesures techniques ou organisationnelles appropri\u00e9es.<\/li>\n<\/ul>\n<p style=\"font-weight: 400;\">Le traitement n&#8217;est licite que si, et dans la mesure o\u00f9, au moins une des conditions suivantes est remplie :<\/p>\n<ul>\n<li>La personne concern\u00e9e a consenti au traitement de ses donn\u00e9es \u00e0 caract\u00e8re personnel pour une ou plusieurs finalit\u00e9s sp\u00e9cifiques ;<\/li>\n<li>Le traitement est n\u00e9cessaire \u00e0 l&#8217;ex\u00e9cution d&#8217;un contrat auquel la personne concern\u00e9e est partie ou \u00e0 l&#8217;ex\u00e9cution de mesures pr\u00e9contractuelles prises \u00e0 la demande de celle-ci ;<\/li>\n<li>Le traitement est n\u00e9cessaire au respect d&#8217;une obligation l\u00e9gale \u00e0 laquelle le responsable du traitement est soumis ;<\/li>\n<li>Le traitement est n\u00e9cessaire \u00e0 la sauvegarde des int\u00e9r\u00eats vitaux de la personne concern\u00e9e ou d&#8217;une autre personne physique ;<\/li>\n<li>Le traitement est n\u00e9cessaire \u00e0 l&#8217;ex\u00e9cution d&#8217;une mission d&#8217;int\u00e9r\u00eat public ou relevant de l&#8217;exercice de l&#8217;autorit\u00e9 publique dont est investi le responsable du traitement ;<\/li>\n<li>Le traitement est n\u00e9cessaire aux fins des int\u00e9r\u00eats l\u00e9gitimes poursuivis par le responsable du traitement ou par un tiers, \u00e0 moins que ne pr\u00e9valent les int\u00e9r\u00eats ou les libert\u00e9s et droits fondamentaux de la personne concern\u00e9e qui exigent une protection des donn\u00e9es \u00e0 caract\u00e8re personnel, notamment lorsque la personne concern\u00e9e est un enfant.<\/li>\n<\/ul>\n<p style=\"font-weight: 400;\">ARTICLE 3 : DONN\u00c9ES \u00c0 CARACT\u00c8RE PERSONNEL COLLECT\u00c9ES ET TRAIT\u00c9ES DANS LE CADRE DE LA NAVIGATION SUR LE SITE<\/p>\n<p style=\"font-weight: 400;\"><strong>Article 3.1 : Donn\u00e9es collect\u00e9es\u00a0<\/strong><\/p>\n<p style=\"font-weight: 400;\">Les donn\u00e9es personnelles collect\u00e9es dans le cadre de notre activit\u00e9 sont les suivantes :<\/p>\n<p style=\"font-weight: 400;\"><em>Nom, pr\u00e9nom, adresse, N\u00b0 de t\u00e9l\u00e9phone, adresse e-mails<\/em><\/p>\n<p style=\"font-weight: 400;\">La collecte et le traitement de ces donn\u00e9es r\u00e9pond \u00e0 la (aux) finalit\u00e9(s) suivante(s) :<\/p>\n<p style=\"font-weight: 400;\"><em>Gestion de vente, gestion de contrat, gestion de l\u2019espace client, suivi de la qualit\u00e9 des services, envoi de newsletter.. <\/em><\/p>\n<p style=\"font-weight: 400;\"><strong>Article 3.2 : Mode de collecte des donn\u00e9es <\/strong><\/p>\n<p style=\"font-weight: 400;\">Lorsque vous utilisez notre site, sont automatiquement collect\u00e9es les donn\u00e9es suivantes :<\/p>\n<p style=\"font-weight: 400;\"><em>Adresse I.P.<\/em><\/p>\n<p style=\"font-weight: 400;\">D\u2019autres donn\u00e9es personnelles sont collect\u00e9es lorsque vous effectuez les op\u00e9rations suivantes sur la plateforme :<\/p>\n<p style=\"font-weight: 400;\"><em>Inscription et cr\u00e9ation d&#8217;un compte utilisateur<\/em><\/p>\n<p style=\"font-weight: 400;\">Elles sont conserv\u00e9es par le responsable du traitement dans des conditions raisonnables de s\u00e9curit\u00e9, pour une dur\u00e9e ind\u00e9termin\u00e9e<\/p>\n<p style=\"font-weight: 400;\">La soci\u00e9t\u00e9 est susceptible de conserver certaines donn\u00e9es \u00e0 caract\u00e8re personnel au-del\u00e0 des d\u00e9lais annonc\u00e9s ci-dessus afin de remplir ses obligations l\u00e9gales ou r\u00e9glementaires.<\/p>\n<p style=\"font-weight: 400;\"><strong>Article 3.3 : H\u00e9bergement des donn\u00e9es <\/strong><\/p>\n<p style=\"font-weight: 400;\">Le site <em>[www.otantik.photo <\/em>est h\u00e9berg\u00e9 par :<\/p>\n<p style=\"font-weight: 400;\">OVH<\/p>\n<p style=\"font-weight: 400;\">Si\u00e8ge social : 2 rue Kellermann &#8211; 59100 Roubaix &#8211; France<\/p>\n<p style=\"font-weight: 400;\"><strong>Article 3.4 : Politique en mati\u00e8re de \u201ccookies\u201d<\/strong><\/p>\n<p>Les cookies sont de petits fichiers texte qui sont stock\u00e9s dans votre navigateur par les sites Web que vous visitez. Ils contiennent g\u00e9n\u00e9ralement un site Web et un identifiant. Les cookies permettent d&#8217;am\u00e9liorer votre exp\u00e9rience lorsque vous naviguez sur notre site Web, par exemple en m\u00e9morisant les articles que vous avez mis dans votre panier.<\/p>\n<p>Nous utilisons des cookies pour am\u00e9liorer votre exp\u00e9rience de navigation, en m\u00e9morisant que vous vous \u00eates connect\u00e9. Si vous remplissez un formulaire de contact, nous utilisons des cookies pour m\u00e9moriser vos informations pour la prochaine fois.<\/p>\n<p><em>Cookies tiers<\/em><\/p>\n<p>Nous utilisons des cookies tiers pour suivre la fa\u00e7on dont vous utilisez notre site Web, par exemple les pages que vous visitez et le temps que vous y passez. Cela nous permet de mieux comprendre comment les internautes utilisent notre site et comment ils y acc\u00e8dent, ce qui nous permet de cr\u00e9er de meilleures campagnes.<\/p>\n<p>Vous pouvez emp\u00eacher l&#8217;installation de cookies dans les param\u00e8tres de votre navigateur, bien que cela puisse affecter la fonctionnalit\u00e9 des sites Web que vous visitez. Les cookies sur notre site Web ne sont pas essentiels, mais ils peuvent am\u00e9liorer votre exp\u00e9rience.<\/p>\n<p style=\"font-weight: 400;\">ARTICLE 4 : RESPONSABLE DU TRAITEMENT DES DONN\u00c9ES ET D\u00c9L\u00c9GU\u00c9 \u00c0 LA PROTECTION DES DONN\u00c9ES<\/p>\n<p style=\"font-weight: 400;\"><strong>Article 4.1 : Le responsable du traitement des donn\u00e9es\u00a0 <\/strong><\/p>\n<p style=\"font-weight: 400;\">Les donn\u00e9es \u00e0 caract\u00e8re personnelles sont collect\u00e9es par O&#8217;Tantik Photo, dont le num\u00e9ro d\u2019immatriculation est le G18436<\/p>\n<p style=\"font-weight: 400;\">Le responsable du traitement des donn\u00e9es \u00e0 caract\u00e8re personnel peut \u00eatre contact\u00e9 de la mani\u00e8re suivante :<\/p>\n<p style=\"font-weight: 400;\">Par courrier \u00e0 l\u2019adresse : \u00a0BP42224 98713 Papeete\u00a0;<\/p>\n<p style=\"font-weight: 400;\">Par t\u00e9l\u00e9phone, au 87 00 96 47\u00a0;<\/p>\n<p style=\"font-weight: 400;\">Par mail : otantik987@gmail.com<\/p>\n<p style=\"font-weight: 400;\"><strong>Article 4.2 : Le d\u00e9l\u00e9gu\u00e9 \u00e0 la protection des donn\u00e9es <\/strong><\/p>\n<p style=\"font-weight: 400;\">Le d\u00e9l\u00e9gu\u00e9 \u00e0 la protection des donn\u00e9es de l\u2019entreprise ou du responsable est joignable \u00e0 l&#8217;adresse mail suivante :<\/p>\n<p style=\"font-weight: 400;\"><em>otantik987@gmail.com<\/em><\/p>\n<p style=\"font-weight: 400;\">ARTICLE 5 : LES DROITS DE L\u2019UTILISATEUR EN MATI\u00c8RE DE COLLECTE ET DE TRAITEMENT DES DONN\u00c9ES<\/p>\n<p style=\"font-weight: 400;\">Tout utilisateur concern\u00e9 par le traitement de ses donn\u00e9es personnelles peut se pr\u00e9valoir des droits suivants, en application du r\u00e8glement europ\u00e9en 2016\/679 et de la Loi Informatique et Libert\u00e9 (Loi 78-17 du 6 janvier 1978) :<\/p>\n<ul>\n<li>Droit d\u2019acc\u00e8s, de rectification et droit \u00e0 l\u2019effacement des donn\u00e9es (pos\u00e9s respectivement aux articles 15, 16 et 17 du RGPD) ;<\/li>\n<li>Droit \u00e0 la portabilit\u00e9 des donn\u00e9es (article 20 du RGPD) ;<\/li>\n<li>Droit \u00e0 la limitation (article 18 du RGPD) et \u00e0 l\u2019opposition du traitement des donn\u00e9es (article 21 du RGPD) ;<\/li>\n<li>Droit de ne pas faire l\u2019objet d\u2019une d\u00e9cision fond\u00e9e exclusivement sur un proc\u00e9d\u00e9 automatis\u00e9 ;<\/li>\n<li>Droit de d\u00e9terminer le sort des donn\u00e9es apr\u00e8s la mort ;<\/li>\n<li>Droit de saisir l\u2019autorit\u00e9 de contr\u00f4le comp\u00e9tente (article 77 du RGPD).<\/li>\n<\/ul>\n<p style=\"font-weight: 400;\">Pour exercer vos droits, veuillez adresser votre courrier par mail \u00e0 <em>otantik987@gmail.com<\/em><\/p>\n<p style=\"font-weight: 400;\">Afin que le responsable du traitement des donn\u00e9es puisse faire droit \u00e0 sa demande, l\u2019utilisateur peut \u00eatre tenu de lui communiquer certaines informations telles que : ses noms et pr\u00e9noms, son adresse e-mail ainsi que son num\u00e9ro de compte, d\u2019espace personnel ou d\u2019abonn\u00e9.<\/p>\n<p style=\"font-weight: 400;\">Consultez le site cnil.fr pour plus d\u2019informations sur vos droits.<\/p>\n<p style=\"font-weight: 400;\"><strong>ARTICLE 6 : CONDITIONS DE MODIFICATION DE LA POLITIQUE DE CONFIDENTIALIT\u00c9<\/strong><\/p>\n<p style=\"font-weight: 400;\">L\u2019\u00e9diteur du site Otantik.photo\u00a0se r\u00e9serve le droit de pouvoir modifier la pr\u00e9sente Politique \u00e0 tout moment afin d\u2019assurer aux utilisateurs du site sa conformit\u00e9 avec le droit en vigueur.<\/p>\n<p style=\"font-weight: 400;\">Les \u00e9ventuelles modifications ne sauraient avoir d\u2019incidence sur les achats ant\u00e9rieurement effectu\u00e9s sur le site, lesquels restent soumis \u00e0 la Politique en vigueur au moment de l\u2019achat et telle qu\u2019accept\u00e9e par l\u2019utilisateur lors de la validation de l\u2019achat.<\/p>\n<p style=\"font-weight: 400;\">L\u2019utilisateur est invit\u00e9 \u00e0 prendre connaissance de cette Politique \u00e0 chaque fois qu\u2019il utilise nos services, sans qu\u2019il soit n\u00e9cessaire de l\u2019en pr\u00e9venir formellement.<\/p>\n<p style=\"font-weight: 400;\">La pr\u00e9sente politique, \u00e9dit\u00e9e le le 14 mai 2025], a \u00e9t\u00e9 mise \u00e0 jour le 14 mai 2025.<\/p>\n","protected":false},"excerpt":{"rendered":"<p>Politique de confidentialit\u00e9 www.otantik.photo ARTICLE 1 : PR\u00c9AMBULE La pr\u00e9sente politique de confidentialit\u00e9 a pour but d\u2019informer les utilisateurs du site : Sur la mani\u00e8re dont sont collect\u00e9es leurs donn\u00e9es personnelles. Sont consid\u00e9r\u00e9es comme des donn\u00e9es personnelles, toute information permettant d\u2019identifier un utilisateur. A ce titre, il peut s\u2019agir : de ses noms et pr\u00e9noms,&#8230;<\/p>\n","protected":false},"author":1,"featured_media":0,"parent":0,"menu_order":0,"comment_status":"closed","ping_status":"closed","template":"","meta":{"_acf_changed":false,"footnotes":""},"class_list":{"0":"post-9989","1":"page","2":"type-page","3":"status-publish","4":"hentry","5":"nt-post-class","6":"","7":"thumb-none","9":"excerpt-none"},"acf":[],"yoast_head":"<!-- This site is optimized with the Yoast SEO Premium plugin v27.3 (Yoast SEO v27.4) - https:\/\/yoast.com\/product\/yoast-seo-premium-wordpress\/ -->\n<title>Politique de confidentialit\u00e9 - Otantik<\/title>\n<meta name=\"robots\" content=\"index, follow, max-snippet:-1, max-image-preview:large, max-video-preview:-1\" \/>\n<link rel=\"canonical\" href=\"https:\/\/otantik.photo\/index.php\/politique-de-confidentialite\/\" \/>\n<meta property=\"og:locale\" content=\"fr_FR\" \/>\n<meta property=\"og:type\" content=\"article\" \/>\n<meta property=\"og:title\" content=\"Politique de confidentialit\u00e9\" \/>\n<meta property=\"og:description\" content=\"Politique de confidentialit\u00e9 www.otantik.photo ARTICLE 1 : PR\u00c9AMBULE La pr\u00e9sente politique de confidentialit\u00e9 a pour but d\u2019informer les utilisateurs du site : Sur la mani\u00e8re dont sont collect\u00e9es leurs donn\u00e9es personnelles. Sont consid\u00e9r\u00e9es comme des donn\u00e9es personnelles, toute information permettant d\u2019identifier un utilisateur. A ce titre, il peut s\u2019agir : de ses noms et pr\u00e9noms,...\" \/>\n<meta property=\"og:url\" content=\"https:\/\/otantik.photo\/index.php\/politique-de-confidentialite\/\" \/>\n<meta property=\"og:site_name\" content=\"Otantik\" \/>\n<meta property=\"article:publisher\" content=\"https:\/\/www.facebook.com\/Otantikphotographie\/\" \/>\n<meta property=\"article:modified_time\" content=\"2025-05-15T00:37:36+00:00\" \/>\n<meta name=\"twitter:card\" content=\"summary_large_image\" \/>\n<meta name=\"twitter:label1\" content=\"Dur\u00e9e de lecture estim\u00e9e\" \/>\n\t<meta name=\"twitter:data1\" content=\"7 minutes\" \/>\n<script type=\"application\/ld+json\" class=\"yoast-schema-graph\">{\"@context\":\"https:\\\/\\\/schema.org\",\"@graph\":[{\"@type\":\"WebPage\",\"@id\":\"https:\\\/\\\/otantik.photo\\\/index.php\\\/politique-de-confidentialite\\\/\",\"url\":\"https:\\\/\\\/otantik.photo\\\/index.php\\\/politique-de-confidentialite\\\/\",\"name\":\"Politique de confidentialit\u00e9 - Otantik\",\"isPartOf\":{\"@id\":\"https:\\\/\\\/otantik.photo\\\/#website\"},\"datePublished\":\"2025-05-15T00:35:49+00:00\",\"dateModified\":\"2025-05-15T00:37:36+00:00\",\"breadcrumb\":{\"@id\":\"https:\\\/\\\/otantik.photo\\\/index.php\\\/politique-de-confidentialite\\\/#breadcrumb\"},\"inLanguage\":\"fr-FR\",\"potentialAction\":[{\"@type\":\"ReadAction\",\"target\":[\"https:\\\/\\\/otantik.photo\\\/index.php\\\/politique-de-confidentialite\\\/\"]}]},{\"@type\":\"BreadcrumbList\",\"@id\":\"https:\\\/\\\/otantik.photo\\\/index.php\\\/politique-de-confidentialite\\\/#breadcrumb\",\"itemListElement\":[{\"@type\":\"ListItem\",\"position\":1,\"name\":\"Accueil\",\"item\":\"https:\\\/\\\/otantik.photo\\\/\"},{\"@type\":\"ListItem\",\"position\":2,\"name\":\"Politique de confidentialit\u00e9\"}]},{\"@type\":\"WebSite\",\"@id\":\"https:\\\/\\\/otantik.photo\\\/#website\",\"url\":\"https:\\\/\\\/otantik.photo\\\/\",\"name\":\"Otantik photographe Tahiti\",\"description\":\"Photographe Tahiti Polynesie fran\u00e7aise\",\"publisher\":{\"@id\":\"https:\\\/\\\/otantik.photo\\\/#\\\/schema\\\/person\\\/3f170a3e8a4c9506dc6e55b5ee1e7399\"},\"potentialAction\":[{\"@type\":\"SearchAction\",\"target\":{\"@type\":\"EntryPoint\",\"urlTemplate\":\"https:\\\/\\\/otantik.photo\\\/?s={search_term_string}\"},\"query-input\":{\"@type\":\"PropertyValueSpecification\",\"valueRequired\":true,\"valueName\":\"search_term_string\"}}],\"inLanguage\":\"fr-FR\"},{\"@type\":[\"Person\",\"Organization\"],\"@id\":\"https:\\\/\\\/otantik.photo\\\/#\\\/schema\\\/person\\\/3f170a3e8a4c9506dc6e55b5ee1e7399\",\"name\":\"Otantik\",\"image\":{\"@type\":\"ImageObject\",\"inLanguage\":\"fr-FR\",\"@id\":\"https:\\\/\\\/otantik.photo\\\/wp-content\\\/uploads\\\/2024\\\/12\\\/Logo-003.gif\",\"url\":\"https:\\\/\\\/otantik.photo\\\/wp-content\\\/uploads\\\/2024\\\/12\\\/Logo-003.gif\",\"contentUrl\":\"https:\\\/\\\/otantik.photo\\\/wp-content\\\/uploads\\\/2024\\\/12\\\/Logo-003.gif\",\"width\":500,\"height\":500,\"caption\":\"Otantik\"},\"logo\":{\"@id\":\"https:\\\/\\\/otantik.photo\\\/wp-content\\\/uploads\\\/2024\\\/12\\\/Logo-003.gif\"},\"description\":\"Photographe professionnel \u00e0 Tahiti\",\"sameAs\":[\"https:\\\/\\\/otantik.photo\\\/\",\"https:\\\/\\\/www.facebook.com\\\/Otantikphotographie\\\/\",\"https:\\\/\\\/www.instagram.com\\\/otantikphoto\\\/\",\"https:\\\/\\\/www.youtube.com\\\/@Otantik987\"]}]}<\/script>\n<!-- \/ Yoast SEO Premium plugin. -->","yoast_head_json":{"title":"Politique de confidentialit\u00e9 - Otantik","robots":{"index":"index","follow":"follow","max-snippet":"max-snippet:-1","max-image-preview":"max-image-preview:large","max-video-preview":"max-video-preview:-1"},"canonical":"https:\/\/otantik.photo\/index.php\/politique-de-confidentialite\/","og_locale":"fr_FR","og_type":"article","og_title":"Politique de confidentialit\u00e9","og_description":"Politique de confidentialit\u00e9 www.otantik.photo ARTICLE 1 : PR\u00c9AMBULE La pr\u00e9sente politique de confidentialit\u00e9 a pour but d\u2019informer les utilisateurs du site : Sur la mani\u00e8re dont sont collect\u00e9es leurs donn\u00e9es personnelles. Sont consid\u00e9r\u00e9es comme des donn\u00e9es personnelles, toute information permettant d\u2019identifier un utilisateur. A ce titre, il peut s\u2019agir : de ses noms et pr\u00e9noms,...","og_url":"https:\/\/otantik.photo\/index.php\/politique-de-confidentialite\/","og_site_name":"Otantik","article_publisher":"https:\/\/www.facebook.com\/Otantikphotographie\/","article_modified_time":"2025-05-15T00:37:36+00:00","twitter_card":"summary_large_image","twitter_misc":{"Dur\u00e9e de lecture estim\u00e9e":"7 minutes"},"schema":{"@context":"https:\/\/schema.org","@graph":[{"@type":"WebPage","@id":"https:\/\/otantik.photo\/index.php\/politique-de-confidentialite\/","url":"https:\/\/otantik.photo\/index.php\/politique-de-confidentialite\/","name":"Politique de confidentialit\u00e9 - Otantik","isPartOf":{"@id":"https:\/\/otantik.photo\/#website"},"datePublished":"2025-05-15T00:35:49+00:00","dateModified":"2025-05-15T00:37:36+00:00","breadcrumb":{"@id":"https:\/\/otantik.photo\/index.php\/politique-de-confidentialite\/#breadcrumb"},"inLanguage":"fr-FR","potentialAction":[{"@type":"ReadAction","target":["https:\/\/otantik.photo\/index.php\/politique-de-confidentialite\/"]}]},{"@type":"BreadcrumbList","@id":"https:\/\/otantik.photo\/index.php\/politique-de-confidentialite\/#breadcrumb","itemListElement":[{"@type":"ListItem","position":1,"name":"Accueil","item":"https:\/\/otantik.photo\/"},{"@type":"ListItem","position":2,"name":"Politique de confidentialit\u00e9"}]},{"@type":"WebSite","@id":"https:\/\/otantik.photo\/#website","url":"https:\/\/otantik.photo\/","name":"Otantik photographe Tahiti","description":"Photographe Tahiti Polynesie fran\u00e7aise","publisher":{"@id":"https:\/\/otantik.photo\/#\/schema\/person\/3f170a3e8a4c9506dc6e55b5ee1e7399"},"potentialAction":[{"@type":"SearchAction","target":{"@type":"EntryPoint","urlTemplate":"https:\/\/otantik.photo\/?s={search_term_string}"},"query-input":{"@type":"PropertyValueSpecification","valueRequired":true,"valueName":"search_term_string"}}],"inLanguage":"fr-FR"},{"@type":["Person","Organization"],"@id":"https:\/\/otantik.photo\/#\/schema\/person\/3f170a3e8a4c9506dc6e55b5ee1e7399","name":"Otantik","image":{"@type":"ImageObject","inLanguage":"fr-FR","@id":"https:\/\/otantik.photo\/wp-content\/uploads\/2024\/12\/Logo-003.gif","url":"https:\/\/otantik.photo\/wp-content\/uploads\/2024\/12\/Logo-003.gif","contentUrl":"https:\/\/otantik.photo\/wp-content\/uploads\/2024\/12\/Logo-003.gif","width":500,"height":500,"caption":"Otantik"},"logo":{"@id":"https:\/\/otantik.photo\/wp-content\/uploads\/2024\/12\/Logo-003.gif"},"description":"Photographe professionnel \u00e0 Tahiti","sameAs":["https:\/\/otantik.photo\/","https:\/\/www.facebook.com\/Otantikphotographie\/","https:\/\/www.instagram.com\/otantikphoto\/","https:\/\/www.youtube.com\/@Otantik987"]}]}},"jetpack_sharing_enabled":true,"jetpack_shortlink":"https:\/\/wp.me\/Pgn0q2-2B7","_links":{"self":[{"href":"https:\/\/otantik.photo\/index.php\/wp-json\/wp\/v2\/pages\/9989","targetHints":{"allow":["GET"]}}],"collection":[{"href":"https:\/\/otantik.photo\/index.php\/wp-json\/wp\/v2\/pages"}],"about":[{"href":"https:\/\/otantik.photo\/index.php\/wp-json\/wp\/v2\/types\/page"}],"author":[{"embeddable":true,"href":"https:\/\/otantik.photo\/index.php\/wp-json\/wp\/v2\/users\/1"}],"replies":[{"embeddable":true,"href":"https:\/\/otantik.photo\/index.php\/wp-json\/wp\/v2\/comments?post=9989"}],"version-history":[{"count":3,"href":"https:\/\/otantik.photo\/index.php\/wp-json\/wp\/v2\/pages\/9989\/revisions"}],"predecessor-version":[{"id":9993,"href":"https:\/\/otantik.photo\/index.php\/wp-json\/wp\/v2\/pages\/9989\/revisions\/9993"}],"wp:attachment":[{"href":"https:\/\/otantik.photo\/index.php\/wp-json\/wp\/v2\/media?parent=9989"}],"curies":[{"name":"wp","href":"https:\/\/api.w.org\/{rel}","templated":true}]}}