{"id":10530,"date":"2025-05-24T02:56:50","date_gmt":"2025-05-24T00:56:50","guid":{"rendered":"https:\/\/otantik.photo\/?post_type=product&#038;p=10530"},"modified":"2025-11-30T17:08:43","modified_gmt":"2025-12-01T03:08:43","slug":"tahiti-plage-de-sable-noir-tiarei-005","status":"publish","type":"product","link":"https:\/\/otantik.photo\/index.php\/product\/tahiti-plage-de-sable-noir-tiarei-005\/","title":{"rendered":"Tahiti &#8211; Plage de sable noir &#8211; Tiarei 005"},"content":{"rendered":"<p>Photographie r\u00e9alis\u00e9e en mai 2025 du c\u00f4t\u00e9 de Tiarei sur la plage c\u00f4toyant le Trou du Souffleur.<\/p>\n<p>D\u00e9corez votre int\u00e9rieur aux couleurs de notre fenua. Photographie r\u00e9alis\u00e9e par O&#8217;Tantik, photographe bas\u00e9 \u00e0 Papeete. Produit imprim\u00e9 \u00e0 Tahiti.<\/p>\n<p>Chaque exemplaire est num\u00e9rot\u00e9, sign\u00e9 et livr\u00e9 avec un certificat d&#8217;authenticit\u00e9.<\/p>\n<p>Le filigrane pr\u00e9sent sur la photo sera retir\u00e9 lors de l&#8217;impression. Les couleurs des photographies peuvent l\u00e9g\u00e8rement varier en fonction du support choisi (toile, plexiglas etc.) et ce que vous voyez sur votre \u00e9cran. Ceci est du \u00e0 la calibration de votre \u00e9cran et la nature de celui-ci (\u00e9cran de t\u00e9l\u00e9phone, tablette, \u00e9cran d&#8217;ordinateurs). Des diff\u00e9rences peuvent appara\u00eetre entre ce que vous voyez \u00e0 l\u2019\u00e9cran et le rendu final.<\/p>\n<p>Vous pouvez choisir trois supports diff\u00e9rents. Ils sont disponibles en photo sur toile mont\u00e9e sur cadre d&#8217;une \u00e9paisseur de 2cm, en impression sur Plexiglas avec une \u00e9paisseur de 5 mm et en impression sur Alucobond qui lui aussi fait 5 mm d&#8217;\u00e9paisseur.<\/p>\n<p>Comme vous pouvez le d\u00e9couvrir sur les photos ci-dessous, \u00e0 chacun le rendu qu&#8217;il souhaite, la photo sur toile pour la trame de sa toile, le Plexiglas pour un rendu brillant ou l&#8217;alucobond pour son rendu mat ! A vous de choisir le style qui conviendra le mieux \u00e0 votre int\u00e9rieur !<\/p>\n\n\t\t<style type=\"text\/css\">\n\t\t\t#gallery-1 {\n\t\t\t\tmargin: auto;\n\t\t\t}\n\t\t\t#gallery-1 .gallery-item {\n\t\t\t\tfloat: left;\n\t\t\t\tmargin-top: 10px;\n\t\t\t\ttext-align: center;\n\t\t\t\twidth: 20%;\n\t\t\t}\n\t\t\t#gallery-1 img {\n\t\t\t\tborder: 2px solid #cfcfcf;\n\t\t\t}\n\t\t\t#gallery-1 .gallery-caption {\n\t\t\t\tmargin-left: 0;\n\t\t\t}\n\t\t\t\/* see gallery_shortcode() in wp-includes\/media.php *\/\n\t\t<\/style>\n\t\t<div id='gallery-1' class='gallery galleryid-10530 gallery-columns-5 gallery-size-medium'><dl class='gallery-item'>\n\t\t\t<dt class='gallery-icon landscape'>\n\t\t\t\t<a href='https:\/\/otantik.photo\/wp-content\/uploads\/2025\/05\/ND56658.jpg'><img fetchpriority=\"high\" decoding=\"async\" width=\"300\" height=\"300\" src=\"https:\/\/otantik.photo\/wp-content\/uploads\/2025\/05\/ND56658-300x300.jpg\" class=\"attachment-medium size-medium\" alt=\"Photo sur toile - Otantik.Photo\" aria-describedby=\"gallery-1-12034\" \/><\/a>\n\t\t\t<\/dt>\n\t\t\t\t<dd class='wp-caption-text gallery-caption' id='gallery-1-12034'>\n\t\t\t\tPhoto sur toile \n\t\t\t\t<\/dd><\/dl><dl class='gallery-item'>\n\t\t\t<dt class='gallery-icon landscape'>\n\t\t\t\t<a href='https:\/\/otantik.photo\/wp-content\/uploads\/2025\/05\/ND56674.jpg'><img decoding=\"async\" width=\"300\" height=\"300\" src=\"https:\/\/otantik.photo\/wp-content\/uploads\/2025\/05\/ND56674-300x300.jpg\" class=\"attachment-medium size-medium\" alt=\"Impression sur Plexiglas - Otantik.Photo\" aria-describedby=\"gallery-1-12035\" \/><\/a>\n\t\t\t<\/dt>\n\t\t\t\t<dd class='wp-caption-text gallery-caption' id='gallery-1-12035'>\n\t\t\t\tImpression sur Plexiglas \n\t\t\t\t<\/dd><\/dl><dl class='gallery-item'>\n\t\t\t<dt class='gallery-icon landscape'>\n\t\t\t\t<a href='https:\/\/otantik.photo\/wp-content\/uploads\/2025\/05\/ND56675.jpg'><img decoding=\"async\" width=\"300\" height=\"300\" src=\"https:\/\/otantik.photo\/wp-content\/uploads\/2025\/05\/ND56675-300x300.jpg\" class=\"attachment-medium size-medium\" alt=\"Impression sur Alucobond - Otantik.Photo\" aria-describedby=\"gallery-1-12036\" \/><\/a>\n\t\t\t<\/dt>\n\t\t\t\t<dd class='wp-caption-text gallery-caption' id='gallery-1-12036'>\n\t\t\t\tImpression sur Alucobond\n\t\t\t\t<\/dd><\/dl><dl class='gallery-item'>\n\t\t\t<dt class='gallery-icon landscape'>\n\t\t\t\t<a href='https:\/\/otantik.photo\/wp-content\/uploads\/2025\/05\/ND56649.jpg'><img loading=\"lazy\" decoding=\"async\" width=\"300\" height=\"300\" src=\"https:\/\/otantik.photo\/wp-content\/uploads\/2025\/05\/ND56649-300x300.jpg\" class=\"attachment-medium size-medium\" alt=\"Photo sur toile - Otantik.Photo\" aria-describedby=\"gallery-1-12032\" \/><\/a>\n\t\t\t<\/dt>\n\t\t\t\t<dd class='wp-caption-text gallery-caption' id='gallery-1-12032'>\n\t\t\t\tTampon d&#8217;authentification\n\t\t\t\t<\/dd><\/dl><dl class='gallery-item'>\n\t\t\t<dt class='gallery-icon landscape'>\n\t\t\t\t<a href='https:\/\/otantik.photo\/wp-content\/uploads\/2025\/05\/ND56654.jpg'><img loading=\"lazy\" decoding=\"async\" width=\"300\" height=\"300\" src=\"https:\/\/otantik.photo\/wp-content\/uploads\/2025\/05\/ND56654-300x300.jpg\" class=\"attachment-medium size-medium\" alt=\"Certificat d&#039;authenticit\u00e9 - Otantik.Photo\" aria-describedby=\"gallery-1-12033\" \/><\/a>\n\t\t\t<\/dt>\n\t\t\t\t<dd class='wp-caption-text gallery-caption' id='gallery-1-12033'>\n\t\t\t\tCertificat d&#8217;authenticit\u00e9 \n\t\t\t\t<\/dd><\/dl><br style=\"clear: both\" \/>\n\t\t<\/div>\n\n<p>&nbsp;<\/p>\n","protected":false},"excerpt":{"rendered":"<p class=\"ai-optimize-introduction ai-optimize-36\">Photographie r\u00e9alis\u00e9e en mai 2025 du c\u00f4t\u00e9 de Tiarei sur la plage c\u00f4toyant le Trou du Souffleur.<\/p>\n","protected":false},"featured_media":12161,"template":"","meta":{"_acf_changed":false,"jetpack_publicize_message":"","jetpack_publicize_feature_enabled":true,"jetpack_social_post_already_shared":true,"jetpack_social_options":{"image_generator_settings":{"template":"highway","default_image_id":0,"font":"","enabled":false},"version":2}},"product_brand":[],"product_cat":[105,93,104,114],"product_tag":[106,115,116],"class_list":{"0":"post-10530","1":"product","2":"type-product","3":"status-publish","4":"has-post-thumbnail","6":"product_cat-iles-du-vent","7":"product_cat-photos-par-drone","8":"product_cat-tahiti","9":"product_cat-tiarei","10":"product_tag-tahiti","11":"product_tag-tiarei","12":"product_tag-trou-du-souffleur","13":"wooma_product_brands-otantik","14":"nt-post-class","15":"","21":"first","22":"instock","23":"taxable","24":"shipping-taxable","25":"purchasable","26":"product-type-simple"},"acf":[],"yoast_head":"<!-- This site is optimized with the Yoast SEO Premium plugin v27.3 (Yoast SEO v27.4) - https:\/\/yoast.com\/product\/yoast-seo-premium-wordpress\/ -->\n<title>Photo de Tahiti: Une plage de sable noir - Tahiti<\/title>\n<meta name=\"description\" content=\"Apportez l&#039;esprit de Tahiti chez vous avec cette photo d&#039;une plage \u00e0 Tahiti. Chaque exemplaire est num\u00e9rot\u00e9, sign\u00e9 et authentique. \ud83c\udf3a\" \/>\n<meta name=\"robots\" content=\"index, follow, max-snippet:-1, max-image-preview:large, max-video-preview:-1\" \/>\n<link rel=\"canonical\" href=\"https:\/\/otantik.photo\/index.php\/product\/tahiti-plage-de-sable-noir-tiarei-005\/\" \/>\n<meta property=\"og:locale\" content=\"fr_FR\" \/>\n<meta property=\"og:type\" content=\"article\" \/>\n<meta property=\"og:title\" content=\"Photo de Tahiti : \u00c9motions et Couleurs de Fenua\" \/>\n<meta property=\"og:description\" content=\"Transformez votre int\u00e9rieur avec cette photo d&#039;une plage de sable noir sur l&#039;\u00eele de Tahiti. Chaque pi\u00e8ce est unique, sign\u00e9e et livr\u00e9e avec son certificat d&#039;authenticit\u00e9.\" \/>\n<meta property=\"og:url\" content=\"https:\/\/otantik.photo\/index.php\/product\/tahiti-plage-de-sable-noir-tiarei-005\/\" \/>\n<meta property=\"og:site_name\" content=\"Otantik\" \/>\n<meta property=\"article:publisher\" content=\"https:\/\/www.facebook.com\/Otantikphotographie\/\" \/>\n<meta property=\"article:modified_time\" content=\"2025-12-01T03:08:43+00:00\" \/>\n<meta property=\"og:image\" content=\"https:\/\/otantik.photo\/wp-content\/uploads\/2025\/05\/DJI_20250514022930_0055_D-Modifier.jpg\" \/>\n\t<meta property=\"og:image:width\" content=\"1500\" \/>\n\t<meta property=\"og:image:height\" content=\"1000\" \/>\n\t<meta property=\"og:image:type\" content=\"image\/jpeg\" \/>\n<meta name=\"twitter:card\" content=\"summary_large_image\" \/>\n<meta name=\"twitter:title\" content=\"Tahiti - Plage de sable noir - Tiarei 005\" \/>\n<meta name=\"twitter:label1\" content=\"Prix\" \/>\n\t<meta name=\"twitter:data1\" content=\"0&nbsp;XPF\" \/>\n\t<meta name=\"twitter:label2\" content=\"Disponibilit\u00e9\" \/>\n\t<meta name=\"twitter:data2\" content=\"En stock\" \/>\n<script type=\"application\/ld+json\" class=\"yoast-schema-graph\">{\"@context\":\"https:\\\/\\\/schema.org\",\"@graph\":[{\"@type\":\"WebPage\",\"@id\":\"https:\\\/\\\/otantik.photo\\\/index.php\\\/product\\\/tahiti-plage-de-sable-noir-tiarei-005\\\/\",\"url\":\"https:\\\/\\\/otantik.photo\\\/index.php\\\/product\\\/tahiti-plage-de-sable-noir-tiarei-005\\\/\",\"name\":\"Photo de Tahiti: Une plage de sable noir - Tahiti\",\"isPartOf\":{\"@id\":\"https:\\\/\\\/otantik.photo\\\/#website\"},\"primaryImageOfPage\":{\"@id\":\"https:\\\/\\\/otantik.photo\\\/index.php\\\/product\\\/tahiti-plage-de-sable-noir-tiarei-005\\\/#primaryimage\"},\"image\":{\"@id\":\"https:\\\/\\\/otantik.photo\\\/index.php\\\/product\\\/tahiti-plage-de-sable-noir-tiarei-005\\\/#primaryimage\"},\"thumbnailUrl\":\"https:\\\/\\\/otantik.photo\\\/wp-content\\\/uploads\\\/2025\\\/05\\\/DJI_20250514022930_0055_D-Modifier.jpg\",\"datePublished\":\"2025-05-24T00:56:50+00:00\",\"dateModified\":\"2025-12-01T03:08:43+00:00\",\"description\":\"Apportez l'esprit de Tahiti chez vous avec cette photo d'une plage \u00e0 Tahiti. Chaque exemplaire est num\u00e9rot\u00e9, sign\u00e9 et authentique. \ud83c\udf3a\",\"breadcrumb\":{\"@id\":\"https:\\\/\\\/otantik.photo\\\/index.php\\\/product\\\/tahiti-plage-de-sable-noir-tiarei-005\\\/#breadcrumb\"},\"inLanguage\":\"fr-FR\",\"potentialAction\":[{\"@type\":\"ReadAction\",\"target\":[\"https:\\\/\\\/otantik.photo\\\/index.php\\\/product\\\/tahiti-plage-de-sable-noir-tiarei-005\\\/\"]}]},{\"@type\":\"ImageObject\",\"inLanguage\":\"fr-FR\",\"@id\":\"https:\\\/\\\/otantik.photo\\\/index.php\\\/product\\\/tahiti-plage-de-sable-noir-tiarei-005\\\/#primaryimage\",\"url\":\"https:\\\/\\\/otantik.photo\\\/wp-content\\\/uploads\\\/2025\\\/05\\\/DJI_20250514022930_0055_D-Modifier.jpg\",\"contentUrl\":\"https:\\\/\\\/otantik.photo\\\/wp-content\\\/uploads\\\/2025\\\/05\\\/DJI_20250514022930_0055_D-Modifier.jpg\",\"width\":1500,\"height\":1000,\"caption\":\"Tiarei - Trou du Souffleur - TAHITI\"},{\"@type\":\"BreadcrumbList\",\"@id\":\"https:\\\/\\\/otantik.photo\\\/index.php\\\/product\\\/tahiti-plage-de-sable-noir-tiarei-005\\\/#breadcrumb\",\"itemListElement\":[{\"@type\":\"ListItem\",\"position\":1,\"name\":\"Accueil\",\"item\":\"https:\\\/\\\/otantik.photo\\\/\"},{\"@type\":\"ListItem\",\"position\":2,\"name\":\"Shop\",\"item\":\"https:\\\/\\\/otantik.photo\\\/index.php\\\/shop\\\/\"},{\"@type\":\"ListItem\",\"position\":3,\"name\":\"Tahiti &#8211; Plage de sable noir &#8211; Tiarei 005\"}]},{\"@type\":\"WebSite\",\"@id\":\"https:\\\/\\\/otantik.photo\\\/#website\",\"url\":\"https:\\\/\\\/otantik.photo\\\/\",\"name\":\"Otantik photographe Tahiti\",\"description\":\"Photographe Tahiti Polynesie fran\u00e7aise\",\"publisher\":{\"@id\":\"https:\\\/\\\/otantik.photo\\\/#\\\/schema\\\/person\\\/3f170a3e8a4c9506dc6e55b5ee1e7399\"},\"potentialAction\":[{\"@type\":\"SearchAction\",\"target\":{\"@type\":\"EntryPoint\",\"urlTemplate\":\"https:\\\/\\\/otantik.photo\\\/?s={search_term_string}\"},\"query-input\":{\"@type\":\"PropertyValueSpecification\",\"valueRequired\":true,\"valueName\":\"search_term_string\"}}],\"inLanguage\":\"fr-FR\"},{\"@type\":[\"Person\",\"Organization\"],\"@id\":\"https:\\\/\\\/otantik.photo\\\/#\\\/schema\\\/person\\\/3f170a3e8a4c9506dc6e55b5ee1e7399\",\"name\":\"Otantik\",\"image\":{\"@type\":\"ImageObject\",\"inLanguage\":\"fr-FR\",\"@id\":\"https:\\\/\\\/otantik.photo\\\/wp-content\\\/uploads\\\/2024\\\/12\\\/Logo-003.gif\",\"url\":\"https:\\\/\\\/otantik.photo\\\/wp-content\\\/uploads\\\/2024\\\/12\\\/Logo-003.gif\",\"contentUrl\":\"https:\\\/\\\/otantik.photo\\\/wp-content\\\/uploads\\\/2024\\\/12\\\/Logo-003.gif\",\"width\":500,\"height\":500,\"caption\":\"Otantik\"},\"logo\":{\"@id\":\"https:\\\/\\\/otantik.photo\\\/wp-content\\\/uploads\\\/2024\\\/12\\\/Logo-003.gif\"},\"description\":\"Photographe professionnel \u00e0 Tahiti\",\"sameAs\":[\"https:\\\/\\\/otantik.photo\\\/\",\"https:\\\/\\\/www.facebook.com\\\/Otantikphotographie\\\/\",\"https:\\\/\\\/www.instagram.com\\\/otantikphoto\\\/\",\"https:\\\/\\\/www.youtube.com\\\/@Otantik987\"]}]}<\/script>\n<meta property=\"product:price:amount\" content=\"0\" \/>\n<meta property=\"product:price:currency\" content=\"XPF\" \/>\n<meta property=\"og:availability\" content=\"instock\" \/>\n<meta property=\"product:availability\" content=\"instock\" \/>\n<meta property=\"product:condition\" content=\"new\" \/>\n<!-- \/ Yoast SEO Premium plugin. -->","yoast_head_json":{"title":"Photo de Tahiti: Une plage de sable noir - Tahiti","description":"Apportez l'esprit de Tahiti chez vous avec cette photo d'une plage \u00e0 Tahiti. Chaque exemplaire est num\u00e9rot\u00e9, sign\u00e9 et authentique. \ud83c\udf3a","robots":{"index":"index","follow":"follow","max-snippet":"max-snippet:-1","max-image-preview":"max-image-preview:large","max-video-preview":"max-video-preview:-1"},"canonical":"https:\/\/otantik.photo\/index.php\/product\/tahiti-plage-de-sable-noir-tiarei-005\/","og_locale":"fr_FR","og_type":"article","og_title":"Photo de Tahiti : \u00c9motions et Couleurs de Fenua","og_description":"Transformez votre int\u00e9rieur avec cette photo d'une plage de sable noir sur l'\u00eele de Tahiti. Chaque pi\u00e8ce est unique, sign\u00e9e et livr\u00e9e avec son certificat d'authenticit\u00e9.","og_url":"https:\/\/otantik.photo\/index.php\/product\/tahiti-plage-de-sable-noir-tiarei-005\/","og_site_name":"Otantik","article_publisher":"https:\/\/www.facebook.com\/Otantikphotographie\/","article_modified_time":"2025-12-01T03:08:43+00:00","og_image":[{"width":1500,"height":1000,"url":"https:\/\/otantik.photo\/wp-content\/uploads\/2025\/05\/DJI_20250514022930_0055_D-Modifier.jpg","type":"image\/jpeg"}],"twitter_card":"summary_large_image","twitter_title":"Tahiti - Plage de sable noir - Tiarei 005","twitter_misc":{"Prix":"0&nbsp;XPF","Disponibilit\u00e9":"En stock"},"schema":{"@context":"https:\/\/schema.org","@graph":[{"@type":"WebPage","@id":"https:\/\/otantik.photo\/index.php\/product\/tahiti-plage-de-sable-noir-tiarei-005\/","url":"https:\/\/otantik.photo\/index.php\/product\/tahiti-plage-de-sable-noir-tiarei-005\/","name":"Photo de Tahiti: Une plage de sable noir - Tahiti","isPartOf":{"@id":"https:\/\/otantik.photo\/#website"},"primaryImageOfPage":{"@id":"https:\/\/otantik.photo\/index.php\/product\/tahiti-plage-de-sable-noir-tiarei-005\/#primaryimage"},"image":{"@id":"https:\/\/otantik.photo\/index.php\/product\/tahiti-plage-de-sable-noir-tiarei-005\/#primaryimage"},"thumbnailUrl":"https:\/\/otantik.photo\/wp-content\/uploads\/2025\/05\/DJI_20250514022930_0055_D-Modifier.jpg","datePublished":"2025-05-24T00:56:50+00:00","dateModified":"2025-12-01T03:08:43+00:00","description":"Apportez l'esprit de Tahiti chez vous avec cette photo d'une plage \u00e0 Tahiti. Chaque exemplaire est num\u00e9rot\u00e9, sign\u00e9 et authentique. \ud83c\udf3a","breadcrumb":{"@id":"https:\/\/otantik.photo\/index.php\/product\/tahiti-plage-de-sable-noir-tiarei-005\/#breadcrumb"},"inLanguage":"fr-FR","potentialAction":[{"@type":"ReadAction","target":["https:\/\/otantik.photo\/index.php\/product\/tahiti-plage-de-sable-noir-tiarei-005\/"]}]},{"@type":"ImageObject","inLanguage":"fr-FR","@id":"https:\/\/otantik.photo\/index.php\/product\/tahiti-plage-de-sable-noir-tiarei-005\/#primaryimage","url":"https:\/\/otantik.photo\/wp-content\/uploads\/2025\/05\/DJI_20250514022930_0055_D-Modifier.jpg","contentUrl":"https:\/\/otantik.photo\/wp-content\/uploads\/2025\/05\/DJI_20250514022930_0055_D-Modifier.jpg","width":1500,"height":1000,"caption":"Tiarei - Trou du Souffleur - TAHITI"},{"@type":"BreadcrumbList","@id":"https:\/\/otantik.photo\/index.php\/product\/tahiti-plage-de-sable-noir-tiarei-005\/#breadcrumb","itemListElement":[{"@type":"ListItem","position":1,"name":"Accueil","item":"https:\/\/otantik.photo\/"},{"@type":"ListItem","position":2,"name":"Shop","item":"https:\/\/otantik.photo\/index.php\/shop\/"},{"@type":"ListItem","position":3,"name":"Tahiti &#8211; Plage de sable noir &#8211; Tiarei 005"}]},{"@type":"WebSite","@id":"https:\/\/otantik.photo\/#website","url":"https:\/\/otantik.photo\/","name":"Otantik photographe Tahiti","description":"Photographe Tahiti Polynesie fran\u00e7aise","publisher":{"@id":"https:\/\/otantik.photo\/#\/schema\/person\/3f170a3e8a4c9506dc6e55b5ee1e7399"},"potentialAction":[{"@type":"SearchAction","target":{"@type":"EntryPoint","urlTemplate":"https:\/\/otantik.photo\/?s={search_term_string}"},"query-input":{"@type":"PropertyValueSpecification","valueRequired":true,"valueName":"search_term_string"}}],"inLanguage":"fr-FR"},{"@type":["Person","Organization"],"@id":"https:\/\/otantik.photo\/#\/schema\/person\/3f170a3e8a4c9506dc6e55b5ee1e7399","name":"Otantik","image":{"@type":"ImageObject","inLanguage":"fr-FR","@id":"https:\/\/otantik.photo\/wp-content\/uploads\/2024\/12\/Logo-003.gif","url":"https:\/\/otantik.photo\/wp-content\/uploads\/2024\/12\/Logo-003.gif","contentUrl":"https:\/\/otantik.photo\/wp-content\/uploads\/2024\/12\/Logo-003.gif","width":500,"height":500,"caption":"Otantik"},"logo":{"@id":"https:\/\/otantik.photo\/wp-content\/uploads\/2024\/12\/Logo-003.gif"},"description":"Photographe professionnel \u00e0 Tahiti","sameAs":["https:\/\/otantik.photo\/","https:\/\/www.facebook.com\/Otantikphotographie\/","https:\/\/www.instagram.com\/otantikphoto\/","https:\/\/www.youtube.com\/@Otantik987"]}]},"product_price_currency":"XPF","og_availability":"instock","product_availability":"instock","product_condition":"new"},"jetpack_publicize_connections":[],"jetpack_sharing_enabled":true,"_links":{"self":[{"href":"https:\/\/otantik.photo\/index.php\/wp-json\/wp\/v2\/product\/10530","targetHints":{"allow":["GET"]}}],"collection":[{"href":"https:\/\/otantik.photo\/index.php\/wp-json\/wp\/v2\/product"}],"about":[{"href":"https:\/\/otantik.photo\/index.php\/wp-json\/wp\/v2\/types\/product"}],"version-history":[{"count":7,"href":"https:\/\/otantik.photo\/index.php\/wp-json\/wp\/v2\/product\/10530\/revisions"}],"predecessor-version":[{"id":12162,"href":"https:\/\/otantik.photo\/index.php\/wp-json\/wp\/v2\/product\/10530\/revisions\/12162"}],"wp:featuredmedia":[{"embeddable":true,"href":"https:\/\/otantik.photo\/index.php\/wp-json\/wp\/v2\/media\/12161"}],"wp:attachment":[{"href":"https:\/\/otantik.photo\/index.php\/wp-json\/wp\/v2\/media?parent=10530"}],"wp:term":[{"taxonomy":"product_brand","embeddable":true,"href":"https:\/\/otantik.photo\/index.php\/wp-json\/wp\/v2\/product_brand?post=10530"},{"taxonomy":"product_cat","embeddable":true,"href":"https:\/\/otantik.photo\/index.php\/wp-json\/wp\/v2\/product_cat?post=10530"},{"taxonomy":"product_tag","embeddable":true,"href":"https:\/\/otantik.photo\/index.php\/wp-json\/wp\/v2\/product_tag?post=10530"}],"curies":[{"name":"wp","href":"https:\/\/api.w.org\/{rel}","templated":true}]}}