{"id":11701,"date":"2025-09-30T02:24:32","date_gmt":"2025-09-30T00:24:32","guid":{"rendered":"https:\/\/otantik.photo\/?post_type=product&#038;p=11701"},"modified":"2025-11-05T02:27:49","modified_gmt":"2025-11-05T01:27:49","slug":"panorama-tahiti-les-3-cascades-tiarei-001","status":"publish","type":"product","link":"https:\/\/otantik.photo\/index.php\/product\/panorama-tahiti-les-3-cascades-tiarei-001\/","title":{"rendered":"Panorama &#8211; Tahiti &#8211; Les 3 Cascades &#8211; Tiarei &#8211; 001"},"content":{"rendered":"<p>Photographie r\u00e9alis\u00e9e en septembre 2025 sur le site des 3 Cascades de Fa&#8217;aruma&#8217;i. Celle qui est repr\u00e9sent\u00e9e en photo ci dessus s&#8217;appelle la cascade de Vaimahuta qui s&#8217;\u00e9lance sur une hauteur de pr\u00e8s de 100 m\u00e8tres. \u00a0D\u00e9corez votre int\u00e9rieur aux couleurs de notre Fenua. Photographie r\u00e9alis\u00e9e par O\u2019Tantik, photographe bas\u00e9 \u00e0 Papeete. Produit imprim\u00e9 sur toile, plexiglas ou alucobond \u00e0 Tahiti.<\/p>\n<p>Chaque exemplaire est num\u00e9rot\u00e9, sign\u00e9 et livr\u00e9 avec un certificat d\u2019authenticit\u00e9.<\/p>\n<p>Le filigrane pr\u00e9sent sur la photo sera retir\u00e9 lors de l\u2019impression. Les couleurs des photographies peuvent l\u00e9g\u00e8rement varier en fonction du support choisi (toile, plexiglas etc.) et ce que vous voyez sur votre \u00e9cran. Ceci est du \u00e0 la calibration de votre \u00e9cran et la nature de celui-ci (\u00e9cran de t\u00e9l\u00e9phone, tablette, \u00e9cran d\u2019ordinateurs). Des diff\u00e9rences peuvent appara\u00eetre entre ce que vous voyez \u00e0 l\u2019\u00e9cran et le rendu final.<\/p>\n<p>Vous pouvez choisir trois formats ; Le diptyque qui se compose de deux tableaux, le triptyque de trois tableaux et le quadriptyque de quatre tableaux. Il sont disponibles en photo sur toile mont\u00e9e sur cadre d&#8217;une \u00e9paisseur de 2cm, en impression sur Plexiglas avec une \u00e9paisseur de 5 mm et en impression sur Alucobond qui lui aussi fait 5 mm d&#8217;\u00e9paisseur.<\/p>\n<p>Comme vous pouvez le d\u00e9couvrir sur les photos ci-dessous, \u00e0 chacun le rendu qu&#8217;il souhaite, la photo sur toile pour la trame de sa toile, le Plexiglas pour un rendu brillant ou l&#8217;alucobond pour son rendu mat ! A vous de choisir le style qui conviendra le mieux \u00e0 votre int\u00e9rieur !<\/p>\n\n\t\t<style type=\"text\/css\">\n\t\t\t#gallery-1 {\n\t\t\t\tmargin: auto;\n\t\t\t}\n\t\t\t#gallery-1 .gallery-item {\n\t\t\t\tfloat: left;\n\t\t\t\tmargin-top: 10px;\n\t\t\t\ttext-align: center;\n\t\t\t\twidth: 20%;\n\t\t\t}\n\t\t\t#gallery-1 img {\n\t\t\t\tborder: 2px solid #cfcfcf;\n\t\t\t}\n\t\t\t#gallery-1 .gallery-caption {\n\t\t\t\tmargin-left: 0;\n\t\t\t}\n\t\t\t\/* see gallery_shortcode() in wp-includes\/media.php *\/\n\t\t<\/style>\n\t\t<div id='gallery-1' class='gallery galleryid-11701 gallery-columns-5 gallery-size-medium'><dl class='gallery-item'>\n\t\t\t<dt class='gallery-icon landscape'>\n\t\t\t\t<a href='https:\/\/otantik.photo\/wp-content\/uploads\/2025\/05\/ND56658.jpg'><img fetchpriority=\"high\" decoding=\"async\" width=\"300\" height=\"300\" src=\"https:\/\/otantik.photo\/wp-content\/uploads\/2025\/05\/ND56658-300x300.jpg\" class=\"attachment-medium size-medium\" alt=\"Photo sur toile - Otantik.Photo\" aria-describedby=\"gallery-1-12034\" \/><\/a>\n\t\t\t<\/dt>\n\t\t\t\t<dd class='wp-caption-text gallery-caption' id='gallery-1-12034'>\n\t\t\t\tPhoto sur toile \n\t\t\t\t<\/dd><\/dl><dl class='gallery-item'>\n\t\t\t<dt class='gallery-icon landscape'>\n\t\t\t\t<a href='https:\/\/otantik.photo\/wp-content\/uploads\/2025\/05\/ND56674.jpg'><img decoding=\"async\" width=\"300\" height=\"300\" src=\"https:\/\/otantik.photo\/wp-content\/uploads\/2025\/05\/ND56674-300x300.jpg\" class=\"attachment-medium size-medium\" alt=\"Impression sur Plexiglas - Otantik.Photo\" aria-describedby=\"gallery-1-12035\" \/><\/a>\n\t\t\t<\/dt>\n\t\t\t\t<dd class='wp-caption-text gallery-caption' id='gallery-1-12035'>\n\t\t\t\tImpression sur Plexiglas \n\t\t\t\t<\/dd><\/dl><dl class='gallery-item'>\n\t\t\t<dt class='gallery-icon landscape'>\n\t\t\t\t<a href='https:\/\/otantik.photo\/wp-content\/uploads\/2025\/05\/ND56675.jpg'><img decoding=\"async\" width=\"300\" height=\"300\" src=\"https:\/\/otantik.photo\/wp-content\/uploads\/2025\/05\/ND56675-300x300.jpg\" class=\"attachment-medium size-medium\" alt=\"Impression sur Alucobond - Otantik.Photo\" aria-describedby=\"gallery-1-12036\" \/><\/a>\n\t\t\t<\/dt>\n\t\t\t\t<dd class='wp-caption-text gallery-caption' id='gallery-1-12036'>\n\t\t\t\tImpression sur Alucobond\n\t\t\t\t<\/dd><\/dl><dl class='gallery-item'>\n\t\t\t<dt class='gallery-icon landscape'>\n\t\t\t\t<a href='https:\/\/otantik.photo\/wp-content\/uploads\/2025\/05\/ND56649.jpg'><img loading=\"lazy\" decoding=\"async\" width=\"300\" height=\"300\" src=\"https:\/\/otantik.photo\/wp-content\/uploads\/2025\/05\/ND56649-300x300.jpg\" class=\"attachment-medium size-medium\" alt=\"Photo sur toile - Otantik.Photo\" aria-describedby=\"gallery-1-12032\" \/><\/a>\n\t\t\t<\/dt>\n\t\t\t\t<dd class='wp-caption-text gallery-caption' id='gallery-1-12032'>\n\t\t\t\tTampon d&#8217;authentification\n\t\t\t\t<\/dd><\/dl><dl class='gallery-item'>\n\t\t\t<dt class='gallery-icon landscape'>\n\t\t\t\t<a href='https:\/\/otantik.photo\/wp-content\/uploads\/2025\/05\/ND56654.jpg'><img loading=\"lazy\" decoding=\"async\" width=\"300\" height=\"300\" src=\"https:\/\/otantik.photo\/wp-content\/uploads\/2025\/05\/ND56654-300x300.jpg\" class=\"attachment-medium size-medium\" alt=\"Certificat d&#039;authenticit\u00e9 - Otantik.Photo\" aria-describedby=\"gallery-1-12033\" \/><\/a>\n\t\t\t<\/dt>\n\t\t\t\t<dd class='wp-caption-text gallery-caption' id='gallery-1-12033'>\n\t\t\t\tCertificat d&#8217;authenticit\u00e9 \n\t\t\t\t<\/dd><\/dl><br style=\"clear: both\" \/>\n\t\t<\/div>\n\n<p>Dismensions disponibles :<\/p>\n<p>Diptyque &gt; Photo sur toile mont\u00e9e sur cadre de 2cm d&#8217;\u00e9paisseur : &#8211; 30x40cm + 40x60cm soit 90cm par 40cm &#8211; 40x60cm + 60x90cm soit 130cm par 60cm.<\/p>\n<p>Diptyque &gt; Impression sur Plexiglas de 5 mm d&#8217;\u00e9paisseur : &#8211; 20x30cm + 30x40cm soit 60cm par 40cm &#8211; 30x40cm + 40x60cm soit 90cm par 40cm.<\/p>\n<p>Diptyque &gt; Impression sur Alucobond : &#8211; 20x30cm + 30x40cm soit 60cm par 40cm &#8211; 30x40cm + 40x60cm soit 90cm par 40cm &#8211; 40x60cm + 60x90cm soit 130cm par 60cm.<\/p>\n<p>&nbsp;<\/p>\n<p>Triptyque &gt; Photo sur toile mont\u00e9e sur cadre de 2cm d&#8217;\u00e9paisseur : 3 tableaux de 30x40cm soit 90cm par 40cm &#8211; 3 tableaux de 40x60cm soit 120cm par 60cm &#8211; 3 tableaux de 60x90cm soit 180cm par 90cm.<\/p>\n<p>Triptyque &gt; Impression sur Plexiglas de 5 mm d&#8217;\u00e9paisseur : 3 tableaux de 20x30cm soit 60cm par 30cm &#8211; 3 tableaux de 30x40cm soit 90cm par 40cm &#8211; 3 tableaux de 40x60cm soit 120cm par 60cm &#8211; 3 tableaux de 50x75cm soit 150cm par 75cm.<\/p>\n<p>Triptyque &gt; Impression sur Alucobond : 3 tableaux de 20x30cm soit 60cm par 30cm &#8211; 3 tableaux de 30x40cm soit 90cm par 40cm &#8211; &#8211; 3 tableaux de 40x60cm soit 120cm par 60cm &#8211; 3 tableaux de 50x75cm soit 150cm par 75cm.<\/p>\n<p>&nbsp;<\/p>\n<p>Quadriptyque &gt; Photo sur toile mont\u00e9e sur cadre de 2cm d&#8217;\u00e9paisseur : 4 tableaux de 40x60cm soit 160cm par 60cm &#8211; 4 tableaux de 60x90cm soit 240cm par 90cm.<\/p>\n<p>Quadriptyque &gt; Impression sur Plexiglas de 5 mm d&#8217;\u00e9paisseur : 4 tableaux de 20x30cm soit 80cm par 30cm &#8211; 4 tableaux de 30x45cm soit 120cm par 45cm &#8211; 4 tableaux de 40x60cm soit 160cm par 60cm &#8211; 4 tableaux de 50x75cm soit 200 cm par 75cm.<\/p>\n<p>Quadriptyque &gt; Impression sur Alucobond : 4 tableaux de 20x30cm soit 80cm par 30cm &#8211; 4 tableaux de 30x45cm soit 120cm par 45cm &#8211; 4 tableaux de 40x60cm soit 160cm par 60cm &#8211; 4 tableaux de 50x75cm soit 200 cm par 75cm.<\/p>\n","protected":false},"excerpt":{"rendered":"<p>Photographie r\u00e9alis\u00e9e en septembre 2025 sur le site des 3 Cascades de Fa&#8217;aruma&#8217;i. Celle qui est repr\u00e9sent\u00e9e en photo ci-dessus s&#8217;appelle la cascade de Vaimahuta qui s&#8217;\u00e9lance sur une hauteur de pr\u00e8s de 100 m\u00e8tres. \u00a0D\u00e9corez votre int\u00e9rieur aux couleurs de notre Fenua. Photographie r\u00e9alis\u00e9e par O\u2019Tantik, photographe bas\u00e9 \u00e0 Papeete. Produit imprim\u00e9 sur toile, plexiglas ou alucobond \u00e0 Tahiti.<\/p>\n<p>&nbsp;<\/p>\n","protected":false},"featured_media":12069,"template":"","meta":{"_acf_changed":false,"jetpack_publicize_message":"","jetpack_publicize_feature_enabled":true,"jetpack_social_post_already_shared":true,"jetpack_social_options":{"image_generator_settings":{"template":"highway","default_image_id":0,"font":"","enabled":false},"version":2}},"product_brand":[],"product_cat":[105,120,93,104,114,119],"product_tag":[123,106,115],"class_list":{"0":"post-11701","1":"product","2":"type-product","3":"status-publish","4":"has-post-thumbnail","6":"product_cat-iles-du-vent","7":"product_cat-panorama","8":"product_cat-photos-par-drone","9":"product_cat-tahiti","10":"product_cat-tiarei","11":"product_cat-triptyque","12":"product_tag-les-3-cascades","13":"product_tag-tahiti","14":"product_tag-tiarei","15":"wooma_product_brands-otantik","16":"nt-post-class","17":"","23":"first","24":"instock","25":"taxable","26":"shipping-taxable","27":"purchasable","28":"product-type-simple"},"acf":[],"yoast_head":"<!-- This site is optimized with the Yoast SEO Premium plugin v27.3 (Yoast SEO v27.4) - https:\/\/yoast.com\/product\/yoast-seo-premium-wordpress\/ -->\n<title>Les 3 Cascades de Faarumai en Triptyque<\/title>\n<meta name=\"description\" content=\"D\u00e9couvrez les 3 Cascades de Faarumai, un tableau unique qui capture la beaut\u00e9 des cascades. Commandez votre photo du Fenua aujourd&#039;hui!\" \/>\n<meta name=\"robots\" content=\"index, follow, max-snippet:-1, max-image-preview:large, max-video-preview:-1\" \/>\n<link rel=\"canonical\" href=\"https:\/\/otantik.photo\/index.php\/product\/panorama-tahiti-les-3-cascades-tiarei-001\/\" \/>\n<meta property=\"og:locale\" content=\"fr_FR\" \/>\n<meta property=\"og:type\" content=\"article\" \/>\n<meta property=\"og:title\" content=\"Les 3 Cascades de Faarumai : Tableau sign\u00e9 et Num\u00e9rot\u00e9\" \/>\n<meta property=\"og:description\" content=\"Apportez un peu de Tahiti chez vous avec notre tableau de Tahiti. Chaque \u0153uvre est num\u00e9rot\u00e9e et sign\u00e9e. \ud83c\udf04\" \/>\n<meta property=\"og:url\" content=\"https:\/\/otantik.photo\/index.php\/product\/panorama-tahiti-les-3-cascades-tiarei-001\/\" \/>\n<meta property=\"og:site_name\" content=\"Otantik\" \/>\n<meta property=\"article:publisher\" content=\"https:\/\/www.facebook.com\/Otantikphotographie\/\" \/>\n<meta property=\"article:modified_time\" content=\"2025-11-05T01:27:49+00:00\" \/>\n<meta property=\"og:image\" content=\"https:\/\/otantik.photo\/wp-content\/uploads\/2025\/09\/3CASCADES-01-PANO-03.jpg\" \/>\n\t<meta property=\"og:image:width\" content=\"1500\" \/>\n\t<meta property=\"og:image:height\" content=\"1000\" \/>\n\t<meta property=\"og:image:type\" content=\"image\/jpeg\" \/>\n<meta name=\"twitter:card\" content=\"summary_large_image\" \/>\n<meta name=\"twitter:title\" content=\"Panorama - Tahiti - Les 3 Cascades - Tiarei - 001\" \/>\n<meta name=\"twitter:label1\" content=\"Prix\" \/>\n\t<meta name=\"twitter:data1\" content=\"0&nbsp;XPF\" \/>\n\t<meta name=\"twitter:label2\" content=\"Disponibilit\u00e9\" \/>\n\t<meta name=\"twitter:data2\" content=\"En stock\" \/>\n<script type=\"application\/ld+json\" class=\"yoast-schema-graph\">{\"@context\":\"https:\\\/\\\/schema.org\",\"@graph\":[{\"@type\":\"WebPage\",\"@id\":\"https:\\\/\\\/otantik.photo\\\/index.php\\\/product\\\/panorama-tahiti-les-3-cascades-tiarei-001\\\/\",\"url\":\"https:\\\/\\\/otantik.photo\\\/index.php\\\/product\\\/panorama-tahiti-les-3-cascades-tiarei-001\\\/\",\"name\":\"Les 3 Cascades de Faarumai en Triptyque\",\"isPartOf\":{\"@id\":\"https:\\\/\\\/otantik.photo\\\/#website\"},\"primaryImageOfPage\":{\"@id\":\"https:\\\/\\\/otantik.photo\\\/index.php\\\/product\\\/panorama-tahiti-les-3-cascades-tiarei-001\\\/#primaryimage\"},\"image\":{\"@id\":\"https:\\\/\\\/otantik.photo\\\/index.php\\\/product\\\/panorama-tahiti-les-3-cascades-tiarei-001\\\/#primaryimage\"},\"thumbnailUrl\":\"https:\\\/\\\/otantik.photo\\\/wp-content\\\/uploads\\\/2025\\\/09\\\/3CASCADES-01-PANO-03.jpg\",\"datePublished\":\"2025-09-30T00:24:32+00:00\",\"dateModified\":\"2025-11-05T01:27:49+00:00\",\"description\":\"D\u00e9couvrez les 3 Cascades de Faarumai, un tableau unique qui capture la beaut\u00e9 des cascades. Commandez votre photo du Fenua aujourd'hui!\",\"breadcrumb\":{\"@id\":\"https:\\\/\\\/otantik.photo\\\/index.php\\\/product\\\/panorama-tahiti-les-3-cascades-tiarei-001\\\/#breadcrumb\"},\"inLanguage\":\"fr-FR\",\"potentialAction\":[{\"@type\":\"ReadAction\",\"target\":[\"https:\\\/\\\/otantik.photo\\\/index.php\\\/product\\\/panorama-tahiti-les-3-cascades-tiarei-001\\\/\"]}]},{\"@type\":\"ImageObject\",\"inLanguage\":\"fr-FR\",\"@id\":\"https:\\\/\\\/otantik.photo\\\/index.php\\\/product\\\/panorama-tahiti-les-3-cascades-tiarei-001\\\/#primaryimage\",\"url\":\"https:\\\/\\\/otantik.photo\\\/wp-content\\\/uploads\\\/2025\\\/09\\\/3CASCADES-01-PANO-03.jpg\",\"contentUrl\":\"https:\\\/\\\/otantik.photo\\\/wp-content\\\/uploads\\\/2025\\\/09\\\/3CASCADES-01-PANO-03.jpg\",\"width\":1500,\"height\":1000,\"caption\":\"3 cascades de Faarumai - Tahiti\"},{\"@type\":\"BreadcrumbList\",\"@id\":\"https:\\\/\\\/otantik.photo\\\/index.php\\\/product\\\/panorama-tahiti-les-3-cascades-tiarei-001\\\/#breadcrumb\",\"itemListElement\":[{\"@type\":\"ListItem\",\"position\":1,\"name\":\"Accueil\",\"item\":\"https:\\\/\\\/otantik.photo\\\/\"},{\"@type\":\"ListItem\",\"position\":2,\"name\":\"Shop\",\"item\":\"https:\\\/\\\/otantik.photo\\\/index.php\\\/shop\\\/\"},{\"@type\":\"ListItem\",\"position\":3,\"name\":\"Panorama &#8211; Tahiti &#8211; Les 3 Cascades &#8211; Tiarei &#8211; 001\"}]},{\"@type\":\"WebSite\",\"@id\":\"https:\\\/\\\/otantik.photo\\\/#website\",\"url\":\"https:\\\/\\\/otantik.photo\\\/\",\"name\":\"Otantik photographe Tahiti\",\"description\":\"Photographe Tahiti Polynesie fran\u00e7aise\",\"publisher\":{\"@id\":\"https:\\\/\\\/otantik.photo\\\/#\\\/schema\\\/person\\\/3f170a3e8a4c9506dc6e55b5ee1e7399\"},\"potentialAction\":[{\"@type\":\"SearchAction\",\"target\":{\"@type\":\"EntryPoint\",\"urlTemplate\":\"https:\\\/\\\/otantik.photo\\\/?s={search_term_string}\"},\"query-input\":{\"@type\":\"PropertyValueSpecification\",\"valueRequired\":true,\"valueName\":\"search_term_string\"}}],\"inLanguage\":\"fr-FR\"},{\"@type\":[\"Person\",\"Organization\"],\"@id\":\"https:\\\/\\\/otantik.photo\\\/#\\\/schema\\\/person\\\/3f170a3e8a4c9506dc6e55b5ee1e7399\",\"name\":\"Otantik\",\"image\":{\"@type\":\"ImageObject\",\"inLanguage\":\"fr-FR\",\"@id\":\"https:\\\/\\\/otantik.photo\\\/wp-content\\\/uploads\\\/2024\\\/12\\\/Logo-003.gif\",\"url\":\"https:\\\/\\\/otantik.photo\\\/wp-content\\\/uploads\\\/2024\\\/12\\\/Logo-003.gif\",\"contentUrl\":\"https:\\\/\\\/otantik.photo\\\/wp-content\\\/uploads\\\/2024\\\/12\\\/Logo-003.gif\",\"width\":500,\"height\":500,\"caption\":\"Otantik\"},\"logo\":{\"@id\":\"https:\\\/\\\/otantik.photo\\\/wp-content\\\/uploads\\\/2024\\\/12\\\/Logo-003.gif\"},\"description\":\"Photographe professionnel \u00e0 Tahiti\",\"sameAs\":[\"https:\\\/\\\/otantik.photo\\\/\",\"https:\\\/\\\/www.facebook.com\\\/Otantikphotographie\\\/\",\"https:\\\/\\\/www.instagram.com\\\/otantikphoto\\\/\",\"https:\\\/\\\/www.youtube.com\\\/@Otantik987\"]}]}<\/script>\n<meta property=\"product:price:amount\" content=\"0\" \/>\n<meta property=\"product:price:currency\" content=\"XPF\" \/>\n<meta property=\"og:availability\" content=\"instock\" \/>\n<meta property=\"product:availability\" content=\"instock\" \/>\n<meta property=\"product:condition\" content=\"new\" \/>\n<!-- \/ Yoast SEO Premium plugin. -->","yoast_head_json":{"title":"Les 3 Cascades de Faarumai en Triptyque","description":"D\u00e9couvrez les 3 Cascades de Faarumai, un tableau unique qui capture la beaut\u00e9 des cascades. Commandez votre photo du Fenua aujourd'hui!","robots":{"index":"index","follow":"follow","max-snippet":"max-snippet:-1","max-image-preview":"max-image-preview:large","max-video-preview":"max-video-preview:-1"},"canonical":"https:\/\/otantik.photo\/index.php\/product\/panorama-tahiti-les-3-cascades-tiarei-001\/","og_locale":"fr_FR","og_type":"article","og_title":"Les 3 Cascades de Faarumai : Tableau sign\u00e9 et Num\u00e9rot\u00e9","og_description":"Apportez un peu de Tahiti chez vous avec notre tableau de Tahiti. Chaque \u0153uvre est num\u00e9rot\u00e9e et sign\u00e9e. \ud83c\udf04","og_url":"https:\/\/otantik.photo\/index.php\/product\/panorama-tahiti-les-3-cascades-tiarei-001\/","og_site_name":"Otantik","article_publisher":"https:\/\/www.facebook.com\/Otantikphotographie\/","article_modified_time":"2025-11-05T01:27:49+00:00","og_image":[{"width":1500,"height":1000,"url":"https:\/\/otantik.photo\/wp-content\/uploads\/2025\/09\/3CASCADES-01-PANO-03.jpg","type":"image\/jpeg"}],"twitter_card":"summary_large_image","twitter_title":"Panorama - Tahiti - Les 3 Cascades - Tiarei - 001","twitter_misc":{"Prix":"0&nbsp;XPF","Disponibilit\u00e9":"En stock"},"schema":{"@context":"https:\/\/schema.org","@graph":[{"@type":"WebPage","@id":"https:\/\/otantik.photo\/index.php\/product\/panorama-tahiti-les-3-cascades-tiarei-001\/","url":"https:\/\/otantik.photo\/index.php\/product\/panorama-tahiti-les-3-cascades-tiarei-001\/","name":"Les 3 Cascades de Faarumai en Triptyque","isPartOf":{"@id":"https:\/\/otantik.photo\/#website"},"primaryImageOfPage":{"@id":"https:\/\/otantik.photo\/index.php\/product\/panorama-tahiti-les-3-cascades-tiarei-001\/#primaryimage"},"image":{"@id":"https:\/\/otantik.photo\/index.php\/product\/panorama-tahiti-les-3-cascades-tiarei-001\/#primaryimage"},"thumbnailUrl":"https:\/\/otantik.photo\/wp-content\/uploads\/2025\/09\/3CASCADES-01-PANO-03.jpg","datePublished":"2025-09-30T00:24:32+00:00","dateModified":"2025-11-05T01:27:49+00:00","description":"D\u00e9couvrez les 3 Cascades de Faarumai, un tableau unique qui capture la beaut\u00e9 des cascades. Commandez votre photo du Fenua aujourd'hui!","breadcrumb":{"@id":"https:\/\/otantik.photo\/index.php\/product\/panorama-tahiti-les-3-cascades-tiarei-001\/#breadcrumb"},"inLanguage":"fr-FR","potentialAction":[{"@type":"ReadAction","target":["https:\/\/otantik.photo\/index.php\/product\/panorama-tahiti-les-3-cascades-tiarei-001\/"]}]},{"@type":"ImageObject","inLanguage":"fr-FR","@id":"https:\/\/otantik.photo\/index.php\/product\/panorama-tahiti-les-3-cascades-tiarei-001\/#primaryimage","url":"https:\/\/otantik.photo\/wp-content\/uploads\/2025\/09\/3CASCADES-01-PANO-03.jpg","contentUrl":"https:\/\/otantik.photo\/wp-content\/uploads\/2025\/09\/3CASCADES-01-PANO-03.jpg","width":1500,"height":1000,"caption":"3 cascades de Faarumai - Tahiti"},{"@type":"BreadcrumbList","@id":"https:\/\/otantik.photo\/index.php\/product\/panorama-tahiti-les-3-cascades-tiarei-001\/#breadcrumb","itemListElement":[{"@type":"ListItem","position":1,"name":"Accueil","item":"https:\/\/otantik.photo\/"},{"@type":"ListItem","position":2,"name":"Shop","item":"https:\/\/otantik.photo\/index.php\/shop\/"},{"@type":"ListItem","position":3,"name":"Panorama &#8211; Tahiti &#8211; Les 3 Cascades &#8211; Tiarei &#8211; 001"}]},{"@type":"WebSite","@id":"https:\/\/otantik.photo\/#website","url":"https:\/\/otantik.photo\/","name":"Otantik photographe Tahiti","description":"Photographe Tahiti Polynesie fran\u00e7aise","publisher":{"@id":"https:\/\/otantik.photo\/#\/schema\/person\/3f170a3e8a4c9506dc6e55b5ee1e7399"},"potentialAction":[{"@type":"SearchAction","target":{"@type":"EntryPoint","urlTemplate":"https:\/\/otantik.photo\/?s={search_term_string}"},"query-input":{"@type":"PropertyValueSpecification","valueRequired":true,"valueName":"search_term_string"}}],"inLanguage":"fr-FR"},{"@type":["Person","Organization"],"@id":"https:\/\/otantik.photo\/#\/schema\/person\/3f170a3e8a4c9506dc6e55b5ee1e7399","name":"Otantik","image":{"@type":"ImageObject","inLanguage":"fr-FR","@id":"https:\/\/otantik.photo\/wp-content\/uploads\/2024\/12\/Logo-003.gif","url":"https:\/\/otantik.photo\/wp-content\/uploads\/2024\/12\/Logo-003.gif","contentUrl":"https:\/\/otantik.photo\/wp-content\/uploads\/2024\/12\/Logo-003.gif","width":500,"height":500,"caption":"Otantik"},"logo":{"@id":"https:\/\/otantik.photo\/wp-content\/uploads\/2024\/12\/Logo-003.gif"},"description":"Photographe professionnel \u00e0 Tahiti","sameAs":["https:\/\/otantik.photo\/","https:\/\/www.facebook.com\/Otantikphotographie\/","https:\/\/www.instagram.com\/otantikphoto\/","https:\/\/www.youtube.com\/@Otantik987"]}]},"product_price_currency":"XPF","og_availability":"instock","product_availability":"instock","product_condition":"new"},"jetpack_publicize_connections":[],"jetpack_sharing_enabled":true,"_links":{"self":[{"href":"https:\/\/otantik.photo\/index.php\/wp-json\/wp\/v2\/product\/11701","targetHints":{"allow":["GET"]}}],"collection":[{"href":"https:\/\/otantik.photo\/index.php\/wp-json\/wp\/v2\/product"}],"about":[{"href":"https:\/\/otantik.photo\/index.php\/wp-json\/wp\/v2\/types\/product"}],"version-history":[{"count":3,"href":"https:\/\/otantik.photo\/index.php\/wp-json\/wp\/v2\/product\/11701\/revisions"}],"predecessor-version":[{"id":12071,"href":"https:\/\/otantik.photo\/index.php\/wp-json\/wp\/v2\/product\/11701\/revisions\/12071"}],"wp:featuredmedia":[{"embeddable":true,"href":"https:\/\/otantik.photo\/index.php\/wp-json\/wp\/v2\/media\/12069"}],"wp:attachment":[{"href":"https:\/\/otantik.photo\/index.php\/wp-json\/wp\/v2\/media?parent=11701"}],"wp:term":[{"taxonomy":"product_brand","embeddable":true,"href":"https:\/\/otantik.photo\/index.php\/wp-json\/wp\/v2\/product_brand?post=11701"},{"taxonomy":"product_cat","embeddable":true,"href":"https:\/\/otantik.photo\/index.php\/wp-json\/wp\/v2\/product_cat?post=11701"},{"taxonomy":"product_tag","embeddable":true,"href":"https:\/\/otantik.photo\/index.php\/wp-json\/wp\/v2\/product_tag?post=11701"}],"curies":[{"name":"wp","href":"https:\/\/api.w.org\/{rel}","templated":true}]}}